{"id":3732,"date":"2022-12-09T11:06:57","date_gmt":"2022-12-09T10:06:57","guid":{"rendered":"http:\/\/etanec.fr\/?post_type=product&#038;p=3732"},"modified":"2023-06-16T13:37:52","modified_gmt":"2023-06-16T11:37:52","slug":"combinaison-special-amiante-avec-capuche-categorie-iii-5-6-t-xl","status":"publish","type":"product","link":"https:\/\/etanec.fr\/index.php\/produit\/combinaison-special-amiante-avec-capuche-categorie-iii-5-6-t-xl\/","title":{"rendered":"Combinaison sp\u00e9cial amiante avec capuche Cat\u00e9gorie III 5\/6  T.XL"},"content":{"rendered":"<p>Mod\u00e8le avec coutures recouvertes Protection et confort contre les \u00e9claboussures limit\u00e9es de produits chimiques et sous formes de particules solides. Mat\u00e9riau l\u00e9ger et confortable. Excellent rapport r\u00e9sistance-poids. Convient pour les travaux poussi\u00e9reux, salissants, en cas de manipulation de produits chimiques liquides peu toxiques, pour les travaux de r\u00e9novation ou de maintenance en cas de pr\u00e9sence de fibre d\u2019amiante, pour des op\u00e9rations de nettoyage. Mod\u00e8le en SMS CE-Cat\u00e9gorie III &#8211; Types 5, 6<\/p>\n<p>Tailles disponibles : L \/ XL \/ XXL<\/p>\n","protected":false},"excerpt":{"rendered":"<p>Mod\u00e8le avec coutures recouvertes<br \/>\nProtection et confort contre les \u00e9claboussures limit\u00e9es de produits chimiques et sous formes de particules solides<br \/>\nMat\u00e9riau l\u00e9ger et confortable. Excellent rapport r\u00e9sistance-poids<br \/>\nConvient pour les travaux poussi\u00e9reux, salissants, en cas de manipulation de produits chimiques liquides peu toxiques<br \/>\nPour les travaux de r\u00e9novation ou de maintenance en cas de pr\u00e9sence de fibre d\u2019amiante, pour des op\u00e9rations de nettoyage.<br \/>\nMod\u00e8le en SMS<br \/>\nCE-Cat\u00e9gorie III &#8211; Types 5, 6<\/p>\n<p>Tailles disponibles : L \/ XL \/ XXL<\/p>\n","protected":false},"featured_media":3733,"comment_status":"open","ping_status":"closed","template":"","meta":{"_monsterinsights_skip_tracking":false,"_monsterinsights_sitenote_active":false,"_monsterinsights_sitenote_note":"","_monsterinsights_sitenote_category":0,"jetpack_publicize_message":"","jetpack_publicize_feature_enabled":true,"jetpack_social_post_already_shared":false,"jetpack_social_options":{"image_generator_settings":{"template":"highway","default_image_id":0,"font":"","enabled":false},"version":2}},"product_brand":[],"product_cat":[40],"product_tag":[],"class_list":{"0":"post-3732","1":"product","2":"type-product","3":"status-publish","6":"product_cat-epi","8":"first","9":"instock","10":"taxable","11":"shipping-taxable","12":"product-type-simple"},"yoast_head":"<!-- This site is optimized with the Yoast SEO plugin v26.6 - https:\/\/yoast.com\/wordpress\/plugins\/seo\/ -->\n<title>Combinaison sp\u00e9cial amiante avec capuche Cat\u00e9gorie III 5\/6 T.XL - ETANEC<\/title>\n<meta name=\"robots\" content=\"index, follow, max-snippet:-1, max-image-preview:large, max-video-preview:-1\" \/>\n<link rel=\"canonical\" href=\"http:\/\/etanec.fr\/index.php\/produit\/combinaison-special-amiante-avec-capuche-categorie-iii-5-6-t-xl\/\" \/>\n<meta property=\"og:locale\" content=\"fr_FR\" \/>\n<meta property=\"og:type\" content=\"article\" \/>\n<meta property=\"og:title\" content=\"Combinaison sp\u00e9cial amiante avec capuche Cat\u00e9gorie III 5\/6 T.XL - ETANEC\" \/>\n<meta property=\"og:description\" content=\"Mod\u00e8le avec coutures recouvertes Protection et confort contre les \u00e9claboussures limit\u00e9es de produits chimiques et sous formes de particules solides Mat\u00e9riau l\u00e9ger et confortable. Excellent rapport r\u00e9sistance-poids Convient pour les travaux poussi\u00e9reux, salissants, en cas de manipulation de produits chimiques liquides peu toxiques Pour les travaux de r\u00e9novation ou de maintenance en cas de pr\u00e9sence de fibre d\u2019amiante, pour des op\u00e9rations de nettoyage. Mod\u00e8le en SMS CE-Cat\u00e9gorie III - Types 5, 6  Tailles disponibles : L \/ XL \/ XXL\" \/>\n<meta property=\"og:url\" content=\"http:\/\/etanec.fr\/index.php\/produit\/combinaison-special-amiante-avec-capuche-categorie-iii-5-6-t-xl\/\" \/>\n<meta property=\"og:site_name\" content=\"ETANEC\" \/>\n<meta property=\"article:modified_time\" content=\"2023-06-16T11:37:52+00:00\" \/>\n<meta property=\"og:image\" content=\"https:\/\/i0.wp.com\/etanec.fr\/wp-content\/uploads\/2022\/12\/1257_610x610.jpg?fit=610%2C610\" \/>\n\t<meta property=\"og:image:width\" content=\"610\" \/>\n\t<meta property=\"og:image:height\" content=\"610\" \/>\n\t<meta property=\"og:image:type\" content=\"image\/jpeg\" \/>\n<meta name=\"twitter:card\" content=\"summary_large_image\" \/>\n<meta name=\"twitter:label1\" content=\"Dur\u00e9e de lecture estim\u00e9e\" \/>\n\t<meta name=\"twitter:data1\" content=\"1 minute\" \/>\n<script type=\"application\/ld+json\" class=\"yoast-schema-graph\">{\"@context\":\"https:\/\/schema.org\",\"@graph\":[{\"@type\":\"WebPage\",\"@id\":\"http:\/\/etanec.fr\/index.php\/produit\/combinaison-special-amiante-avec-capuche-categorie-iii-5-6-t-xl\/\",\"url\":\"http:\/\/etanec.fr\/index.php\/produit\/combinaison-special-amiante-avec-capuche-categorie-iii-5-6-t-xl\/\",\"name\":\"Combinaison sp\u00e9cial amiante avec capuche Cat\u00e9gorie III 5\/6 T.XL - ETANEC\",\"isPartOf\":{\"@id\":\"https:\/\/etanec.fr\/#website\"},\"primaryImageOfPage\":{\"@id\":\"http:\/\/etanec.fr\/index.php\/produit\/combinaison-special-amiante-avec-capuche-categorie-iii-5-6-t-xl\/#primaryimage\"},\"image\":{\"@id\":\"http:\/\/etanec.fr\/index.php\/produit\/combinaison-special-amiante-avec-capuche-categorie-iii-5-6-t-xl\/#primaryimage\"},\"thumbnailUrl\":\"https:\/\/i0.wp.com\/etanec.fr\/wp-content\/uploads\/2022\/12\/1257_610x610.jpg?fit=610%2C610&ssl=1\",\"datePublished\":\"2022-12-09T10:06:57+00:00\",\"dateModified\":\"2023-06-16T11:37:52+00:00\",\"breadcrumb\":{\"@id\":\"http:\/\/etanec.fr\/index.php\/produit\/combinaison-special-amiante-avec-capuche-categorie-iii-5-6-t-xl\/#breadcrumb\"},\"inLanguage\":\"fr-FR\",\"potentialAction\":[{\"@type\":\"ReadAction\",\"target\":[\"http:\/\/etanec.fr\/index.php\/produit\/combinaison-special-amiante-avec-capuche-categorie-iii-5-6-t-xl\/\"]}]},{\"@type\":\"ImageObject\",\"inLanguage\":\"fr-FR\",\"@id\":\"http:\/\/etanec.fr\/index.php\/produit\/combinaison-special-amiante-avec-capuche-categorie-iii-5-6-t-xl\/#primaryimage\",\"url\":\"https:\/\/i0.wp.com\/etanec.fr\/wp-content\/uploads\/2022\/12\/1257_610x610.jpg?fit=610%2C610&ssl=1\",\"contentUrl\":\"https:\/\/i0.wp.com\/etanec.fr\/wp-content\/uploads\/2022\/12\/1257_610x610.jpg?fit=610%2C610&ssl=1\",\"width\":610,\"height\":610},{\"@type\":\"BreadcrumbList\",\"@id\":\"http:\/\/etanec.fr\/index.php\/produit\/combinaison-special-amiante-avec-capuche-categorie-iii-5-6-t-xl\/#breadcrumb\",\"itemListElement\":[{\"@type\":\"ListItem\",\"position\":1,\"name\":\"Accueil\",\"item\":\"https:\/\/etanec.fr\/\"},{\"@type\":\"ListItem\",\"position\":2,\"name\":\"Gamme de produits\",\"item\":\"https:\/\/etanec.fr\/index.php\/boutique\/\"},{\"@type\":\"ListItem\",\"position\":3,\"name\":\"Combinaison sp\u00e9cial amiante avec capuche Cat\u00e9gorie III 5\/6 T.XL\"}]},{\"@type\":\"WebSite\",\"@id\":\"https:\/\/etanec.fr\/#website\",\"url\":\"https:\/\/etanec.fr\/\",\"name\":\"etanec.fr\",\"description\":\"Votre Solution en Outillage &amp; Fixation Enveloppe du batiment\",\"publisher\":{\"@id\":\"https:\/\/etanec.fr\/#organization\"},\"potentialAction\":[{\"@type\":\"SearchAction\",\"target\":{\"@type\":\"EntryPoint\",\"urlTemplate\":\"https:\/\/etanec.fr\/?s={search_term_string}\"},\"query-input\":{\"@type\":\"PropertyValueSpecification\",\"valueRequired\":true,\"valueName\":\"search_term_string\"}}],\"inLanguage\":\"fr-FR\"},{\"@type\":\"Organization\",\"@id\":\"https:\/\/etanec.fr\/#organization\",\"name\":\"etanec.fr\",\"url\":\"https:\/\/etanec.fr\/\",\"logo\":{\"@type\":\"ImageObject\",\"inLanguage\":\"fr-FR\",\"@id\":\"https:\/\/etanec.fr\/#\/schema\/logo\/image\/\",\"url\":\"https:\/\/i0.wp.com\/etanec.fr\/wp-content\/uploads\/2017\/11\/cropped-cropped-cropped-ETANEC-LOGO-2017-RVBTRANSP-HD-e1509965316759.png?fit=350%2C75&ssl=1\",\"contentUrl\":\"https:\/\/i0.wp.com\/etanec.fr\/wp-content\/uploads\/2017\/11\/cropped-cropped-cropped-ETANEC-LOGO-2017-RVBTRANSP-HD-e1509965316759.png?fit=350%2C75&ssl=1\",\"width\":350,\"height\":75,\"caption\":\"etanec.fr\"},\"image\":{\"@id\":\"https:\/\/etanec.fr\/#\/schema\/logo\/image\/\"},\"sameAs\":[\"https:\/\/www.linkedin.com\/company\/etanecgroup\/?viewAsMember=true\"]}]}<\/script>\n<!-- \/ Yoast SEO plugin. -->","yoast_head_json":{"title":"Combinaison sp\u00e9cial amiante avec capuche Cat\u00e9gorie III 5\/6 T.XL - ETANEC","robots":{"index":"index","follow":"follow","max-snippet":"max-snippet:-1","max-image-preview":"max-image-preview:large","max-video-preview":"max-video-preview:-1"},"canonical":"http:\/\/etanec.fr\/index.php\/produit\/combinaison-special-amiante-avec-capuche-categorie-iii-5-6-t-xl\/","og_locale":"fr_FR","og_type":"article","og_title":"Combinaison sp\u00e9cial amiante avec capuche Cat\u00e9gorie III 5\/6 T.XL - ETANEC","og_description":"Mod\u00e8le avec coutures recouvertes Protection et confort contre les \u00e9claboussures limit\u00e9es de produits chimiques et sous formes de particules solides Mat\u00e9riau l\u00e9ger et confortable. Excellent rapport r\u00e9sistance-poids Convient pour les travaux poussi\u00e9reux, salissants, en cas de manipulation de produits chimiques liquides peu toxiques Pour les travaux de r\u00e9novation ou de maintenance en cas de pr\u00e9sence de fibre d\u2019amiante, pour des op\u00e9rations de nettoyage. Mod\u00e8le en SMS CE-Cat\u00e9gorie III - Types 5, 6  Tailles disponibles : L \/ XL \/ XXL","og_url":"http:\/\/etanec.fr\/index.php\/produit\/combinaison-special-amiante-avec-capuche-categorie-iii-5-6-t-xl\/","og_site_name":"ETANEC","article_modified_time":"2023-06-16T11:37:52+00:00","og_image":[{"width":610,"height":610,"url":"https:\/\/i0.wp.com\/etanec.fr\/wp-content\/uploads\/2022\/12\/1257_610x610.jpg?fit=610%2C610","type":"image\/jpeg"}],"twitter_card":"summary_large_image","twitter_misc":{"Dur\u00e9e de lecture estim\u00e9e":"1 minute"},"schema":{"@context":"https:\/\/schema.org","@graph":[{"@type":"WebPage","@id":"http:\/\/etanec.fr\/index.php\/produit\/combinaison-special-amiante-avec-capuche-categorie-iii-5-6-t-xl\/","url":"http:\/\/etanec.fr\/index.php\/produit\/combinaison-special-amiante-avec-capuche-categorie-iii-5-6-t-xl\/","name":"Combinaison sp\u00e9cial amiante avec capuche Cat\u00e9gorie III 5\/6 T.XL - ETANEC","isPartOf":{"@id":"https:\/\/etanec.fr\/#website"},"primaryImageOfPage":{"@id":"http:\/\/etanec.fr\/index.php\/produit\/combinaison-special-amiante-avec-capuche-categorie-iii-5-6-t-xl\/#primaryimage"},"image":{"@id":"http:\/\/etanec.fr\/index.php\/produit\/combinaison-special-amiante-avec-capuche-categorie-iii-5-6-t-xl\/#primaryimage"},"thumbnailUrl":"https:\/\/i0.wp.com\/etanec.fr\/wp-content\/uploads\/2022\/12\/1257_610x610.jpg?fit=610%2C610&ssl=1","datePublished":"2022-12-09T10:06:57+00:00","dateModified":"2023-06-16T11:37:52+00:00","breadcrumb":{"@id":"http:\/\/etanec.fr\/index.php\/produit\/combinaison-special-amiante-avec-capuche-categorie-iii-5-6-t-xl\/#breadcrumb"},"inLanguage":"fr-FR","potentialAction":[{"@type":"ReadAction","target":["http:\/\/etanec.fr\/index.php\/produit\/combinaison-special-amiante-avec-capuche-categorie-iii-5-6-t-xl\/"]}]},{"@type":"ImageObject","inLanguage":"fr-FR","@id":"http:\/\/etanec.fr\/index.php\/produit\/combinaison-special-amiante-avec-capuche-categorie-iii-5-6-t-xl\/#primaryimage","url":"https:\/\/i0.wp.com\/etanec.fr\/wp-content\/uploads\/2022\/12\/1257_610x610.jpg?fit=610%2C610&ssl=1","contentUrl":"https:\/\/i0.wp.com\/etanec.fr\/wp-content\/uploads\/2022\/12\/1257_610x610.jpg?fit=610%2C610&ssl=1","width":610,"height":610},{"@type":"BreadcrumbList","@id":"http:\/\/etanec.fr\/index.php\/produit\/combinaison-special-amiante-avec-capuche-categorie-iii-5-6-t-xl\/#breadcrumb","itemListElement":[{"@type":"ListItem","position":1,"name":"Accueil","item":"https:\/\/etanec.fr\/"},{"@type":"ListItem","position":2,"name":"Gamme de produits","item":"https:\/\/etanec.fr\/index.php\/boutique\/"},{"@type":"ListItem","position":3,"name":"Combinaison sp\u00e9cial amiante avec capuche Cat\u00e9gorie III 5\/6 T.XL"}]},{"@type":"WebSite","@id":"https:\/\/etanec.fr\/#website","url":"https:\/\/etanec.fr\/","name":"etanec.fr","description":"Votre Solution en Outillage &amp; Fixation Enveloppe du batiment","publisher":{"@id":"https:\/\/etanec.fr\/#organization"},"potentialAction":[{"@type":"SearchAction","target":{"@type":"EntryPoint","urlTemplate":"https:\/\/etanec.fr\/?s={search_term_string}"},"query-input":{"@type":"PropertyValueSpecification","valueRequired":true,"valueName":"search_term_string"}}],"inLanguage":"fr-FR"},{"@type":"Organization","@id":"https:\/\/etanec.fr\/#organization","name":"etanec.fr","url":"https:\/\/etanec.fr\/","logo":{"@type":"ImageObject","inLanguage":"fr-FR","@id":"https:\/\/etanec.fr\/#\/schema\/logo\/image\/","url":"https:\/\/i0.wp.com\/etanec.fr\/wp-content\/uploads\/2017\/11\/cropped-cropped-cropped-ETANEC-LOGO-2017-RVBTRANSP-HD-e1509965316759.png?fit=350%2C75&ssl=1","contentUrl":"https:\/\/i0.wp.com\/etanec.fr\/wp-content\/uploads\/2017\/11\/cropped-cropped-cropped-ETANEC-LOGO-2017-RVBTRANSP-HD-e1509965316759.png?fit=350%2C75&ssl=1","width":350,"height":75,"caption":"etanec.fr"},"image":{"@id":"https:\/\/etanec.fr\/#\/schema\/logo\/image\/"},"sameAs":["https:\/\/www.linkedin.com\/company\/etanecgroup\/?viewAsMember=true"]}]}},"jetpack_publicize_connections":[],"jetpack_sharing_enabled":true,"_links":{"self":[{"href":"https:\/\/etanec.fr\/index.php\/wp-json\/wp\/v2\/product\/3732","targetHints":{"allow":["GET"]}}],"collection":[{"href":"https:\/\/etanec.fr\/index.php\/wp-json\/wp\/v2\/product"}],"about":[{"href":"https:\/\/etanec.fr\/index.php\/wp-json\/wp\/v2\/types\/product"}],"replies":[{"embeddable":true,"href":"https:\/\/etanec.fr\/index.php\/wp-json\/wp\/v2\/comments?post=3732"}],"version-history":[{"count":3,"href":"https:\/\/etanec.fr\/index.php\/wp-json\/wp\/v2\/product\/3732\/revisions"}],"predecessor-version":[{"id":6736,"href":"https:\/\/etanec.fr\/index.php\/wp-json\/wp\/v2\/product\/3732\/revisions\/6736"}],"wp:featuredmedia":[{"embeddable":true,"href":"https:\/\/etanec.fr\/index.php\/wp-json\/wp\/v2\/media\/3733"}],"wp:attachment":[{"href":"https:\/\/etanec.fr\/index.php\/wp-json\/wp\/v2\/media?parent=3732"}],"wp:term":[{"taxonomy":"product_brand","embeddable":true,"href":"https:\/\/etanec.fr\/index.php\/wp-json\/wp\/v2\/product_brand?post=3732"},{"taxonomy":"product_cat","embeddable":true,"href":"https:\/\/etanec.fr\/index.php\/wp-json\/wp\/v2\/product_cat?post=3732"},{"taxonomy":"product_tag","embeddable":true,"href":"https:\/\/etanec.fr\/index.php\/wp-json\/wp\/v2\/product_tag?post=3732"}],"curies":[{"name":"wp","href":"https:\/\/api.w.org\/{rel}","templated":true}]}}