{"id":3754,"date":"2023-06-16T13:52:22","date_gmt":"2023-06-16T11:52:22","guid":{"rendered":"http:\/\/etanec.fr\/?post_type=product&#038;p=3754"},"modified":"2023-06-16T13:52:22","modified_gmt":"2023-06-16T11:52:22","slug":"gilet-sans-manche-reversible-haute-visibilite","status":"publish","type":"product","link":"https:\/\/etanec.fr\/index.php\/produit\/gilet-sans-manche-reversible-haute-visibilite\/","title":{"rendered":"Gilet sans manche r\u00e9versible haute visibilit\u00e9"},"content":{"rendered":"<p>Gilet sans manche matelass\u00e9, haute visibilit\u00e9. Pratique \u201ccompagnon de Voyage\u201d pour tous ceux qui se prom\u00e8nent ou qui travaillent sur la route: d\u2019un c\u00f4t\u00e9 pour \u00eatre visible, de l\u2019autre sobre et sportif. R\u00e9versible avec quatre poches du c\u00f4t\u00e9 bleu et une poche t\u00e9l\u00e9phone du c\u00f4t\u00e9 HV. Composition : 100% polyester. Couleur : bleu\/orange fluo. Normes : EN ISO 20471 :2013<\/p>\n","protected":false},"excerpt":{"rendered":"<p>Gilet sans manche matelass\u00e9, haute visibilit\u00e9.<br \/>\nPratique \u201ccompagnon de Voyage\u201d pour tous ceux qui se prom\u00e8nent ou qui travaillent sur la route: d\u2019un c\u00f4t\u00e9 pour \u00eatre visible, de l\u2019autre sobre et sportif<br \/>\nR\u00e9versible avec quatre poches du c\u00f4t\u00e9 bleu et une poche t\u00e9l\u00e9phone du c\u00f4t\u00e9 HV<\/p>\n<p>Composition :<br \/>\n100% polyester<br \/>\nTailles : S-M-L-XL-XXL<br \/>\nCouleur : bleu\/orange fluo<br \/>\nNormes\u00a0: EN ISO 20471\u00a0:2013<\/p>\n","protected":false},"featured_media":3755,"comment_status":"open","ping_status":"closed","template":"","meta":{"_monsterinsights_skip_tracking":false,"_monsterinsights_sitenote_active":false,"_monsterinsights_sitenote_note":"","_monsterinsights_sitenote_category":0,"jetpack_publicize_message":"","jetpack_publicize_feature_enabled":true,"jetpack_social_post_already_shared":false,"jetpack_social_options":{"image_generator_settings":{"template":"highway","default_image_id":0,"font":"","enabled":false},"version":2}},"product_brand":[],"product_cat":[40],"product_tag":[],"class_list":{"0":"post-3754","1":"product","2":"type-product","3":"status-publish","6":"product_cat-epi","8":"first","9":"instock","10":"taxable","11":"shipping-taxable","12":"product-type-simple"},"yoast_head":"<!-- This site is optimized with the Yoast SEO plugin v26.6 - https:\/\/yoast.com\/wordpress\/plugins\/seo\/ -->\n<title>Gilet sans manche r\u00e9versible haute visibilit\u00e9 - ETANEC<\/title>\n<meta name=\"robots\" content=\"index, follow, max-snippet:-1, max-image-preview:large, max-video-preview:-1\" \/>\n<link rel=\"canonical\" href=\"https:\/\/etanec.fr\/index.php\/produit\/gilet-sans-manche-reversible-haute-visibilite\/\" \/>\n<meta property=\"og:locale\" content=\"fr_FR\" \/>\n<meta property=\"og:type\" content=\"article\" \/>\n<meta property=\"og:title\" content=\"Gilet sans manche r\u00e9versible haute visibilit\u00e9 - ETANEC\" \/>\n<meta property=\"og:description\" content=\"Gilet sans manche matelass\u00e9, haute visibilit\u00e9. Pratique \u201ccompagnon de Voyage\u201d pour tous ceux qui se prom\u00e8nent ou qui travaillent sur la route: d\u2019un c\u00f4t\u00e9 pour \u00eatre visible, de l\u2019autre sobre et sportif R\u00e9versible avec quatre poches du c\u00f4t\u00e9 bleu et une poche t\u00e9l\u00e9phone du c\u00f4t\u00e9 HV  Composition : 100% polyester Tailles : S-M-L-XL-XXL Couleur : bleu\/orange fluo Normes\u00a0: EN ISO 20471\u00a0:2013\" \/>\n<meta property=\"og:url\" content=\"https:\/\/etanec.fr\/index.php\/produit\/gilet-sans-manche-reversible-haute-visibilite\/\" \/>\n<meta property=\"og:site_name\" content=\"ETANEC\" \/>\n<meta property=\"og:image\" content=\"https:\/\/i0.wp.com\/etanec.fr\/wp-content\/uploads\/2022\/12\/206_610x610.jpg?fit=610%2C610&ssl=1\" \/>\n\t<meta property=\"og:image:width\" content=\"610\" \/>\n\t<meta property=\"og:image:height\" content=\"610\" \/>\n\t<meta property=\"og:image:type\" content=\"image\/jpeg\" \/>\n<meta name=\"twitter:card\" content=\"summary_large_image\" \/>\n<meta name=\"twitter:label1\" content=\"Dur\u00e9e de lecture estim\u00e9e\" \/>\n\t<meta name=\"twitter:data1\" content=\"1 minute\" \/>\n<script type=\"application\/ld+json\" class=\"yoast-schema-graph\">{\"@context\":\"https:\/\/schema.org\",\"@graph\":[{\"@type\":\"WebPage\",\"@id\":\"https:\/\/etanec.fr\/index.php\/produit\/gilet-sans-manche-reversible-haute-visibilite\/\",\"url\":\"https:\/\/etanec.fr\/index.php\/produit\/gilet-sans-manche-reversible-haute-visibilite\/\",\"name\":\"Gilet sans manche r\u00e9versible haute visibilit\u00e9 - ETANEC\",\"isPartOf\":{\"@id\":\"https:\/\/etanec.fr\/#website\"},\"primaryImageOfPage\":{\"@id\":\"https:\/\/etanec.fr\/index.php\/produit\/gilet-sans-manche-reversible-haute-visibilite\/#primaryimage\"},\"image\":{\"@id\":\"https:\/\/etanec.fr\/index.php\/produit\/gilet-sans-manche-reversible-haute-visibilite\/#primaryimage\"},\"thumbnailUrl\":\"https:\/\/i0.wp.com\/etanec.fr\/wp-content\/uploads\/2022\/12\/206_610x610.jpg?fit=610%2C610&ssl=1\",\"datePublished\":\"2023-06-16T11:52:22+00:00\",\"breadcrumb\":{\"@id\":\"https:\/\/etanec.fr\/index.php\/produit\/gilet-sans-manche-reversible-haute-visibilite\/#breadcrumb\"},\"inLanguage\":\"fr-FR\",\"potentialAction\":[{\"@type\":\"ReadAction\",\"target\":[\"https:\/\/etanec.fr\/index.php\/produit\/gilet-sans-manche-reversible-haute-visibilite\/\"]}]},{\"@type\":\"ImageObject\",\"inLanguage\":\"fr-FR\",\"@id\":\"https:\/\/etanec.fr\/index.php\/produit\/gilet-sans-manche-reversible-haute-visibilite\/#primaryimage\",\"url\":\"https:\/\/i0.wp.com\/etanec.fr\/wp-content\/uploads\/2022\/12\/206_610x610.jpg?fit=610%2C610&ssl=1\",\"contentUrl\":\"https:\/\/i0.wp.com\/etanec.fr\/wp-content\/uploads\/2022\/12\/206_610x610.jpg?fit=610%2C610&ssl=1\",\"width\":610,\"height\":610},{\"@type\":\"BreadcrumbList\",\"@id\":\"https:\/\/etanec.fr\/index.php\/produit\/gilet-sans-manche-reversible-haute-visibilite\/#breadcrumb\",\"itemListElement\":[{\"@type\":\"ListItem\",\"position\":1,\"name\":\"Accueil\",\"item\":\"https:\/\/etanec.fr\/\"},{\"@type\":\"ListItem\",\"position\":2,\"name\":\"Gamme de produits\",\"item\":\"https:\/\/etanec.fr\/index.php\/boutique\/\"},{\"@type\":\"ListItem\",\"position\":3,\"name\":\"Gilet sans manche r\u00e9versible haute visibilit\u00e9\"}]},{\"@type\":\"WebSite\",\"@id\":\"https:\/\/etanec.fr\/#website\",\"url\":\"https:\/\/etanec.fr\/\",\"name\":\"etanec.fr\",\"description\":\"Votre Solution en Outillage &amp; Fixation Enveloppe du batiment\",\"publisher\":{\"@id\":\"https:\/\/etanec.fr\/#organization\"},\"potentialAction\":[{\"@type\":\"SearchAction\",\"target\":{\"@type\":\"EntryPoint\",\"urlTemplate\":\"https:\/\/etanec.fr\/?s={search_term_string}\"},\"query-input\":{\"@type\":\"PropertyValueSpecification\",\"valueRequired\":true,\"valueName\":\"search_term_string\"}}],\"inLanguage\":\"fr-FR\"},{\"@type\":\"Organization\",\"@id\":\"https:\/\/etanec.fr\/#organization\",\"name\":\"etanec.fr\",\"url\":\"https:\/\/etanec.fr\/\",\"logo\":{\"@type\":\"ImageObject\",\"inLanguage\":\"fr-FR\",\"@id\":\"https:\/\/etanec.fr\/#\/schema\/logo\/image\/\",\"url\":\"https:\/\/i0.wp.com\/etanec.fr\/wp-content\/uploads\/2017\/11\/cropped-cropped-cropped-ETANEC-LOGO-2017-RVBTRANSP-HD-e1509965316759.png?fit=350%2C75&ssl=1\",\"contentUrl\":\"https:\/\/i0.wp.com\/etanec.fr\/wp-content\/uploads\/2017\/11\/cropped-cropped-cropped-ETANEC-LOGO-2017-RVBTRANSP-HD-e1509965316759.png?fit=350%2C75&ssl=1\",\"width\":350,\"height\":75,\"caption\":\"etanec.fr\"},\"image\":{\"@id\":\"https:\/\/etanec.fr\/#\/schema\/logo\/image\/\"},\"sameAs\":[\"https:\/\/www.linkedin.com\/company\/etanecgroup\/?viewAsMember=true\"]}]}<\/script>\n<!-- \/ Yoast SEO plugin. -->","yoast_head_json":{"title":"Gilet sans manche r\u00e9versible haute visibilit\u00e9 - ETANEC","robots":{"index":"index","follow":"follow","max-snippet":"max-snippet:-1","max-image-preview":"max-image-preview:large","max-video-preview":"max-video-preview:-1"},"canonical":"https:\/\/etanec.fr\/index.php\/produit\/gilet-sans-manche-reversible-haute-visibilite\/","og_locale":"fr_FR","og_type":"article","og_title":"Gilet sans manche r\u00e9versible haute visibilit\u00e9 - ETANEC","og_description":"Gilet sans manche matelass\u00e9, haute visibilit\u00e9. Pratique \u201ccompagnon de Voyage\u201d pour tous ceux qui se prom\u00e8nent ou qui travaillent sur la route: d\u2019un c\u00f4t\u00e9 pour \u00eatre visible, de l\u2019autre sobre et sportif R\u00e9versible avec quatre poches du c\u00f4t\u00e9 bleu et une poche t\u00e9l\u00e9phone du c\u00f4t\u00e9 HV  Composition : 100% polyester Tailles : S-M-L-XL-XXL Couleur : bleu\/orange fluo Normes\u00a0: EN ISO 20471\u00a0:2013","og_url":"https:\/\/etanec.fr\/index.php\/produit\/gilet-sans-manche-reversible-haute-visibilite\/","og_site_name":"ETANEC","og_image":[{"width":610,"height":610,"url":"https:\/\/i0.wp.com\/etanec.fr\/wp-content\/uploads\/2022\/12\/206_610x610.jpg?fit=610%2C610&ssl=1","type":"image\/jpeg"}],"twitter_card":"summary_large_image","twitter_misc":{"Dur\u00e9e de lecture estim\u00e9e":"1 minute"},"schema":{"@context":"https:\/\/schema.org","@graph":[{"@type":"WebPage","@id":"https:\/\/etanec.fr\/index.php\/produit\/gilet-sans-manche-reversible-haute-visibilite\/","url":"https:\/\/etanec.fr\/index.php\/produit\/gilet-sans-manche-reversible-haute-visibilite\/","name":"Gilet sans manche r\u00e9versible haute visibilit\u00e9 - ETANEC","isPartOf":{"@id":"https:\/\/etanec.fr\/#website"},"primaryImageOfPage":{"@id":"https:\/\/etanec.fr\/index.php\/produit\/gilet-sans-manche-reversible-haute-visibilite\/#primaryimage"},"image":{"@id":"https:\/\/etanec.fr\/index.php\/produit\/gilet-sans-manche-reversible-haute-visibilite\/#primaryimage"},"thumbnailUrl":"https:\/\/i0.wp.com\/etanec.fr\/wp-content\/uploads\/2022\/12\/206_610x610.jpg?fit=610%2C610&ssl=1","datePublished":"2023-06-16T11:52:22+00:00","breadcrumb":{"@id":"https:\/\/etanec.fr\/index.php\/produit\/gilet-sans-manche-reversible-haute-visibilite\/#breadcrumb"},"inLanguage":"fr-FR","potentialAction":[{"@type":"ReadAction","target":["https:\/\/etanec.fr\/index.php\/produit\/gilet-sans-manche-reversible-haute-visibilite\/"]}]},{"@type":"ImageObject","inLanguage":"fr-FR","@id":"https:\/\/etanec.fr\/index.php\/produit\/gilet-sans-manche-reversible-haute-visibilite\/#primaryimage","url":"https:\/\/i0.wp.com\/etanec.fr\/wp-content\/uploads\/2022\/12\/206_610x610.jpg?fit=610%2C610&ssl=1","contentUrl":"https:\/\/i0.wp.com\/etanec.fr\/wp-content\/uploads\/2022\/12\/206_610x610.jpg?fit=610%2C610&ssl=1","width":610,"height":610},{"@type":"BreadcrumbList","@id":"https:\/\/etanec.fr\/index.php\/produit\/gilet-sans-manche-reversible-haute-visibilite\/#breadcrumb","itemListElement":[{"@type":"ListItem","position":1,"name":"Accueil","item":"https:\/\/etanec.fr\/"},{"@type":"ListItem","position":2,"name":"Gamme de produits","item":"https:\/\/etanec.fr\/index.php\/boutique\/"},{"@type":"ListItem","position":3,"name":"Gilet sans manche r\u00e9versible haute visibilit\u00e9"}]},{"@type":"WebSite","@id":"https:\/\/etanec.fr\/#website","url":"https:\/\/etanec.fr\/","name":"etanec.fr","description":"Votre Solution en Outillage &amp; Fixation Enveloppe du batiment","publisher":{"@id":"https:\/\/etanec.fr\/#organization"},"potentialAction":[{"@type":"SearchAction","target":{"@type":"EntryPoint","urlTemplate":"https:\/\/etanec.fr\/?s={search_term_string}"},"query-input":{"@type":"PropertyValueSpecification","valueRequired":true,"valueName":"search_term_string"}}],"inLanguage":"fr-FR"},{"@type":"Organization","@id":"https:\/\/etanec.fr\/#organization","name":"etanec.fr","url":"https:\/\/etanec.fr\/","logo":{"@type":"ImageObject","inLanguage":"fr-FR","@id":"https:\/\/etanec.fr\/#\/schema\/logo\/image\/","url":"https:\/\/i0.wp.com\/etanec.fr\/wp-content\/uploads\/2017\/11\/cropped-cropped-cropped-ETANEC-LOGO-2017-RVBTRANSP-HD-e1509965316759.png?fit=350%2C75&ssl=1","contentUrl":"https:\/\/i0.wp.com\/etanec.fr\/wp-content\/uploads\/2017\/11\/cropped-cropped-cropped-ETANEC-LOGO-2017-RVBTRANSP-HD-e1509965316759.png?fit=350%2C75&ssl=1","width":350,"height":75,"caption":"etanec.fr"},"image":{"@id":"https:\/\/etanec.fr\/#\/schema\/logo\/image\/"},"sameAs":["https:\/\/www.linkedin.com\/company\/etanecgroup\/?viewAsMember=true"]}]}},"jetpack_publicize_connections":[],"jetpack_sharing_enabled":true,"_links":{"self":[{"href":"https:\/\/etanec.fr\/index.php\/wp-json\/wp\/v2\/product\/3754","targetHints":{"allow":["GET"]}}],"collection":[{"href":"https:\/\/etanec.fr\/index.php\/wp-json\/wp\/v2\/product"}],"about":[{"href":"https:\/\/etanec.fr\/index.php\/wp-json\/wp\/v2\/types\/product"}],"replies":[{"embeddable":true,"href":"https:\/\/etanec.fr\/index.php\/wp-json\/wp\/v2\/comments?post=3754"}],"version-history":[{"count":2,"href":"https:\/\/etanec.fr\/index.php\/wp-json\/wp\/v2\/product\/3754\/revisions"}],"predecessor-version":[{"id":6742,"href":"https:\/\/etanec.fr\/index.php\/wp-json\/wp\/v2\/product\/3754\/revisions\/6742"}],"wp:featuredmedia":[{"embeddable":true,"href":"https:\/\/etanec.fr\/index.php\/wp-json\/wp\/v2\/media\/3755"}],"wp:attachment":[{"href":"https:\/\/etanec.fr\/index.php\/wp-json\/wp\/v2\/media?parent=3754"}],"wp:term":[{"taxonomy":"product_brand","embeddable":true,"href":"https:\/\/etanec.fr\/index.php\/wp-json\/wp\/v2\/product_brand?post=3754"},{"taxonomy":"product_cat","embeddable":true,"href":"https:\/\/etanec.fr\/index.php\/wp-json\/wp\/v2\/product_cat?post=3754"},{"taxonomy":"product_tag","embeddable":true,"href":"https:\/\/etanec.fr\/index.php\/wp-json\/wp\/v2\/product_tag?post=3754"}],"curies":[{"name":"wp","href":"https:\/\/api.w.org\/{rel}","templated":true}]}}