{"id":3763,"date":"2023-06-16T14:00:01","date_gmt":"2023-06-16T12:00:01","guid":{"rendered":"http:\/\/etanec.fr\/?post_type=product&#038;p=3763"},"modified":"2023-06-16T14:00:02","modified_gmt":"2023-06-16T12:00:02","slug":"parka-impermeable-4-en-1-haute-visibilite","status":"publish","type":"product","link":"https:\/\/etanec.fr\/index.php\/produit\/parka-impermeable-4-en-1-haute-visibilite\/","title":{"rendered":"Parka imperm\u00e9able 4 en 1 Haute Visibilit\u00e9"},"content":{"rendered":"<p>La parka du professionnel, bon rapport qualit\u00e9 prix. Un style adaptable et fonctionnel offrant un excellent rapport qualit\u00e9 prix. La veste ext\u00e9rieur contient deux grandes poches, des poignets r\u00e9glables et une capuche r\u00e9glable dans le col. La veste imperm\u00e9able int\u00e9rieure contient des manches d\u00e9tachables en polaire fluorescente, 2 poches lat\u00e9rales spacieuses et des partis fonc\u00e9es pour une protection contre la salet\u00e9.<\/p>\n<p>100% polyester oxford 300D enduit PU avec une finition antitaches, 190g.<\/p>\n<p>Classe: 3, EN ISO 20471.Normes: EN343 CLASSE3:1, EN342.<\/p>\n","protected":false},"excerpt":{"rendered":"<p>La parka du professionnel, bon rapport qualit\u00e9 prix<\/p>\n<p>Un style adaptable et fonctionnel offrant un excellent rapport qualit\u00e9 prix<\/p>\n<p>La veste ext\u00e9rieur contient deux grandes poches, des poignets r\u00e9glables et une capuche r\u00e9glable dans le col<\/p>\n<p>La veste imperm\u00e9able int\u00e9rieure contient des manches d\u00e9tachables en polaire fluorescente, 2 poches lat\u00e9rales spacieuses et des partis fonc\u00e9es pour une protection contre la salet\u00e9<\/p>\n<p>100% polyester oxford 300D enduit PU avec une finition antitaches, 190g<\/p>\n<p>Classe: 3, EN ISO 20471<\/p>\n<p>Normes: EN343 CLASSE3:1, EN342<\/p>\n","protected":false},"featured_media":3764,"comment_status":"open","ping_status":"closed","template":"","meta":{"_monsterinsights_skip_tracking":false,"_monsterinsights_sitenote_active":false,"_monsterinsights_sitenote_note":"","_monsterinsights_sitenote_category":0,"jetpack_publicize_message":"","jetpack_publicize_feature_enabled":true,"jetpack_social_post_already_shared":false,"jetpack_social_options":{"image_generator_settings":{"template":"highway","default_image_id":0,"font":"","enabled":false},"version":2}},"product_brand":[],"product_cat":[40],"product_tag":[],"class_list":{"0":"post-3763","1":"product","2":"type-product","3":"status-publish","6":"product_cat-epi","8":"first","9":"instock","10":"taxable","11":"shipping-taxable","12":"purchasable","13":"product-type-variable"},"yoast_head":"<!-- This site is optimized with the Yoast SEO plugin v26.6 - https:\/\/yoast.com\/wordpress\/plugins\/seo\/ -->\n<title>Parka imperm\u00e9able 4 en 1 Haute Visibilit\u00e9 - ETANEC<\/title>\n<meta name=\"robots\" content=\"index, follow, max-snippet:-1, max-image-preview:large, max-video-preview:-1\" \/>\n<link rel=\"canonical\" href=\"http:\/\/etanec.fr\/index.php\/produit\/parka-impermeable-4-en-1-haute-visibilite\/\" \/>\n<meta property=\"og:locale\" content=\"fr_FR\" \/>\n<meta property=\"og:type\" content=\"article\" \/>\n<meta property=\"og:title\" content=\"Parka imperm\u00e9able 4 en 1 Haute Visibilit\u00e9 - ETANEC\" \/>\n<meta property=\"og:description\" content=\"La parka du professionnel, bon rapport qualit\u00e9 prix  Un style adaptable et fonctionnel offrant un excellent rapport qualit\u00e9 prix  La veste ext\u00e9rieur contient deux grandes poches, des poignets r\u00e9glables et une capuche r\u00e9glable dans le col  La veste imperm\u00e9able int\u00e9rieure contient des manches d\u00e9tachables en polaire fluorescente, 2 poches lat\u00e9rales spacieuses et des partis fonc\u00e9es pour une protection contre la salet\u00e9  100% polyester oxford 300D enduit PU avec une finition antitaches, 190g  Classe: 3, EN ISO 20471  Normes: EN343 CLASSE3:1, EN342\" \/>\n<meta property=\"og:url\" content=\"http:\/\/etanec.fr\/index.php\/produit\/parka-impermeable-4-en-1-haute-visibilite\/\" \/>\n<meta property=\"og:site_name\" content=\"ETANEC\" \/>\n<meta property=\"article:modified_time\" content=\"2023-06-16T12:00:02+00:00\" \/>\n<meta property=\"og:image\" content=\"https:\/\/i0.wp.com\/etanec.fr\/wp-content\/uploads\/2022\/12\/1196_610x610.jpg?fit=610%2C610\" \/>\n\t<meta property=\"og:image:width\" content=\"610\" \/>\n\t<meta property=\"og:image:height\" content=\"610\" \/>\n\t<meta property=\"og:image:type\" content=\"image\/jpeg\" \/>\n<meta name=\"twitter:card\" content=\"summary_large_image\" \/>\n<meta name=\"twitter:label1\" content=\"Dur\u00e9e de lecture estim\u00e9e\" \/>\n\t<meta name=\"twitter:data1\" content=\"1 minute\" \/>\n<script type=\"application\/ld+json\" class=\"yoast-schema-graph\">{\"@context\":\"https:\/\/schema.org\",\"@graph\":[{\"@type\":\"WebPage\",\"@id\":\"http:\/\/etanec.fr\/index.php\/produit\/parka-impermeable-4-en-1-haute-visibilite\/\",\"url\":\"http:\/\/etanec.fr\/index.php\/produit\/parka-impermeable-4-en-1-haute-visibilite\/\",\"name\":\"Parka imperm\u00e9able 4 en 1 Haute Visibilit\u00e9 - ETANEC\",\"isPartOf\":{\"@id\":\"https:\/\/etanec.fr\/#website\"},\"primaryImageOfPage\":{\"@id\":\"http:\/\/etanec.fr\/index.php\/produit\/parka-impermeable-4-en-1-haute-visibilite\/#primaryimage\"},\"image\":{\"@id\":\"http:\/\/etanec.fr\/index.php\/produit\/parka-impermeable-4-en-1-haute-visibilite\/#primaryimage\"},\"thumbnailUrl\":\"https:\/\/i0.wp.com\/etanec.fr\/wp-content\/uploads\/2022\/12\/1196_610x610.jpg?fit=610%2C610&ssl=1\",\"datePublished\":\"2023-06-16T12:00:01+00:00\",\"dateModified\":\"2023-06-16T12:00:02+00:00\",\"breadcrumb\":{\"@id\":\"http:\/\/etanec.fr\/index.php\/produit\/parka-impermeable-4-en-1-haute-visibilite\/#breadcrumb\"},\"inLanguage\":\"fr-FR\",\"potentialAction\":[{\"@type\":\"ReadAction\",\"target\":[\"http:\/\/etanec.fr\/index.php\/produit\/parka-impermeable-4-en-1-haute-visibilite\/\"]}]},{\"@type\":\"ImageObject\",\"inLanguage\":\"fr-FR\",\"@id\":\"http:\/\/etanec.fr\/index.php\/produit\/parka-impermeable-4-en-1-haute-visibilite\/#primaryimage\",\"url\":\"https:\/\/i0.wp.com\/etanec.fr\/wp-content\/uploads\/2022\/12\/1196_610x610.jpg?fit=610%2C610&ssl=1\",\"contentUrl\":\"https:\/\/i0.wp.com\/etanec.fr\/wp-content\/uploads\/2022\/12\/1196_610x610.jpg?fit=610%2C610&ssl=1\",\"width\":610,\"height\":610},{\"@type\":\"BreadcrumbList\",\"@id\":\"http:\/\/etanec.fr\/index.php\/produit\/parka-impermeable-4-en-1-haute-visibilite\/#breadcrumb\",\"itemListElement\":[{\"@type\":\"ListItem\",\"position\":1,\"name\":\"Accueil\",\"item\":\"https:\/\/etanec.fr\/\"},{\"@type\":\"ListItem\",\"position\":2,\"name\":\"Gamme de produits\",\"item\":\"https:\/\/etanec.fr\/index.php\/boutique\/\"},{\"@type\":\"ListItem\",\"position\":3,\"name\":\"Parka imperm\u00e9able 4 en 1 Haute Visibilit\u00e9\"}]},{\"@type\":\"WebSite\",\"@id\":\"https:\/\/etanec.fr\/#website\",\"url\":\"https:\/\/etanec.fr\/\",\"name\":\"etanec.fr\",\"description\":\"Votre Solution en Outillage &amp; Fixation Enveloppe du batiment\",\"publisher\":{\"@id\":\"https:\/\/etanec.fr\/#organization\"},\"potentialAction\":[{\"@type\":\"SearchAction\",\"target\":{\"@type\":\"EntryPoint\",\"urlTemplate\":\"https:\/\/etanec.fr\/?s={search_term_string}\"},\"query-input\":{\"@type\":\"PropertyValueSpecification\",\"valueRequired\":true,\"valueName\":\"search_term_string\"}}],\"inLanguage\":\"fr-FR\"},{\"@type\":\"Organization\",\"@id\":\"https:\/\/etanec.fr\/#organization\",\"name\":\"etanec.fr\",\"url\":\"https:\/\/etanec.fr\/\",\"logo\":{\"@type\":\"ImageObject\",\"inLanguage\":\"fr-FR\",\"@id\":\"https:\/\/etanec.fr\/#\/schema\/logo\/image\/\",\"url\":\"https:\/\/i0.wp.com\/etanec.fr\/wp-content\/uploads\/2017\/11\/cropped-cropped-cropped-ETANEC-LOGO-2017-RVBTRANSP-HD-e1509965316759.png?fit=350%2C75&ssl=1\",\"contentUrl\":\"https:\/\/i0.wp.com\/etanec.fr\/wp-content\/uploads\/2017\/11\/cropped-cropped-cropped-ETANEC-LOGO-2017-RVBTRANSP-HD-e1509965316759.png?fit=350%2C75&ssl=1\",\"width\":350,\"height\":75,\"caption\":\"etanec.fr\"},\"image\":{\"@id\":\"https:\/\/etanec.fr\/#\/schema\/logo\/image\/\"},\"sameAs\":[\"https:\/\/www.linkedin.com\/company\/etanecgroup\/?viewAsMember=true\"]}]}<\/script>\n<!-- \/ Yoast SEO plugin. -->","yoast_head_json":{"title":"Parka imperm\u00e9able 4 en 1 Haute Visibilit\u00e9 - ETANEC","robots":{"index":"index","follow":"follow","max-snippet":"max-snippet:-1","max-image-preview":"max-image-preview:large","max-video-preview":"max-video-preview:-1"},"canonical":"http:\/\/etanec.fr\/index.php\/produit\/parka-impermeable-4-en-1-haute-visibilite\/","og_locale":"fr_FR","og_type":"article","og_title":"Parka imperm\u00e9able 4 en 1 Haute Visibilit\u00e9 - ETANEC","og_description":"La parka du professionnel, bon rapport qualit\u00e9 prix  Un style adaptable et fonctionnel offrant un excellent rapport qualit\u00e9 prix  La veste ext\u00e9rieur contient deux grandes poches, des poignets r\u00e9glables et une capuche r\u00e9glable dans le col  La veste imperm\u00e9able int\u00e9rieure contient des manches d\u00e9tachables en polaire fluorescente, 2 poches lat\u00e9rales spacieuses et des partis fonc\u00e9es pour une protection contre la salet\u00e9  100% polyester oxford 300D enduit PU avec une finition antitaches, 190g  Classe: 3, EN ISO 20471  Normes: EN343 CLASSE3:1, EN342","og_url":"http:\/\/etanec.fr\/index.php\/produit\/parka-impermeable-4-en-1-haute-visibilite\/","og_site_name":"ETANEC","article_modified_time":"2023-06-16T12:00:02+00:00","og_image":[{"width":610,"height":610,"url":"https:\/\/i0.wp.com\/etanec.fr\/wp-content\/uploads\/2022\/12\/1196_610x610.jpg?fit=610%2C610","type":"image\/jpeg"}],"twitter_card":"summary_large_image","twitter_misc":{"Dur\u00e9e de lecture estim\u00e9e":"1 minute"},"schema":{"@context":"https:\/\/schema.org","@graph":[{"@type":"WebPage","@id":"http:\/\/etanec.fr\/index.php\/produit\/parka-impermeable-4-en-1-haute-visibilite\/","url":"http:\/\/etanec.fr\/index.php\/produit\/parka-impermeable-4-en-1-haute-visibilite\/","name":"Parka imperm\u00e9able 4 en 1 Haute Visibilit\u00e9 - ETANEC","isPartOf":{"@id":"https:\/\/etanec.fr\/#website"},"primaryImageOfPage":{"@id":"http:\/\/etanec.fr\/index.php\/produit\/parka-impermeable-4-en-1-haute-visibilite\/#primaryimage"},"image":{"@id":"http:\/\/etanec.fr\/index.php\/produit\/parka-impermeable-4-en-1-haute-visibilite\/#primaryimage"},"thumbnailUrl":"https:\/\/i0.wp.com\/etanec.fr\/wp-content\/uploads\/2022\/12\/1196_610x610.jpg?fit=610%2C610&ssl=1","datePublished":"2023-06-16T12:00:01+00:00","dateModified":"2023-06-16T12:00:02+00:00","breadcrumb":{"@id":"http:\/\/etanec.fr\/index.php\/produit\/parka-impermeable-4-en-1-haute-visibilite\/#breadcrumb"},"inLanguage":"fr-FR","potentialAction":[{"@type":"ReadAction","target":["http:\/\/etanec.fr\/index.php\/produit\/parka-impermeable-4-en-1-haute-visibilite\/"]}]},{"@type":"ImageObject","inLanguage":"fr-FR","@id":"http:\/\/etanec.fr\/index.php\/produit\/parka-impermeable-4-en-1-haute-visibilite\/#primaryimage","url":"https:\/\/i0.wp.com\/etanec.fr\/wp-content\/uploads\/2022\/12\/1196_610x610.jpg?fit=610%2C610&ssl=1","contentUrl":"https:\/\/i0.wp.com\/etanec.fr\/wp-content\/uploads\/2022\/12\/1196_610x610.jpg?fit=610%2C610&ssl=1","width":610,"height":610},{"@type":"BreadcrumbList","@id":"http:\/\/etanec.fr\/index.php\/produit\/parka-impermeable-4-en-1-haute-visibilite\/#breadcrumb","itemListElement":[{"@type":"ListItem","position":1,"name":"Accueil","item":"https:\/\/etanec.fr\/"},{"@type":"ListItem","position":2,"name":"Gamme de produits","item":"https:\/\/etanec.fr\/index.php\/boutique\/"},{"@type":"ListItem","position":3,"name":"Parka imperm\u00e9able 4 en 1 Haute Visibilit\u00e9"}]},{"@type":"WebSite","@id":"https:\/\/etanec.fr\/#website","url":"https:\/\/etanec.fr\/","name":"etanec.fr","description":"Votre Solution en Outillage &amp; Fixation Enveloppe du batiment","publisher":{"@id":"https:\/\/etanec.fr\/#organization"},"potentialAction":[{"@type":"SearchAction","target":{"@type":"EntryPoint","urlTemplate":"https:\/\/etanec.fr\/?s={search_term_string}"},"query-input":{"@type":"PropertyValueSpecification","valueRequired":true,"valueName":"search_term_string"}}],"inLanguage":"fr-FR"},{"@type":"Organization","@id":"https:\/\/etanec.fr\/#organization","name":"etanec.fr","url":"https:\/\/etanec.fr\/","logo":{"@type":"ImageObject","inLanguage":"fr-FR","@id":"https:\/\/etanec.fr\/#\/schema\/logo\/image\/","url":"https:\/\/i0.wp.com\/etanec.fr\/wp-content\/uploads\/2017\/11\/cropped-cropped-cropped-ETANEC-LOGO-2017-RVBTRANSP-HD-e1509965316759.png?fit=350%2C75&ssl=1","contentUrl":"https:\/\/i0.wp.com\/etanec.fr\/wp-content\/uploads\/2017\/11\/cropped-cropped-cropped-ETANEC-LOGO-2017-RVBTRANSP-HD-e1509965316759.png?fit=350%2C75&ssl=1","width":350,"height":75,"caption":"etanec.fr"},"image":{"@id":"https:\/\/etanec.fr\/#\/schema\/logo\/image\/"},"sameAs":["https:\/\/www.linkedin.com\/company\/etanecgroup\/?viewAsMember=true"]}]}},"jetpack_publicize_connections":[],"jetpack_sharing_enabled":true,"_links":{"self":[{"href":"https:\/\/etanec.fr\/index.php\/wp-json\/wp\/v2\/product\/3763","targetHints":{"allow":["GET"]}}],"collection":[{"href":"https:\/\/etanec.fr\/index.php\/wp-json\/wp\/v2\/product"}],"about":[{"href":"https:\/\/etanec.fr\/index.php\/wp-json\/wp\/v2\/types\/product"}],"replies":[{"embeddable":true,"href":"https:\/\/etanec.fr\/index.php\/wp-json\/wp\/v2\/comments?post=3763"}],"version-history":[{"count":2,"href":"https:\/\/etanec.fr\/index.php\/wp-json\/wp\/v2\/product\/3763\/revisions"}],"predecessor-version":[{"id":6745,"href":"https:\/\/etanec.fr\/index.php\/wp-json\/wp\/v2\/product\/3763\/revisions\/6745"}],"wp:featuredmedia":[{"embeddable":true,"href":"https:\/\/etanec.fr\/index.php\/wp-json\/wp\/v2\/media\/3764"}],"wp:attachment":[{"href":"https:\/\/etanec.fr\/index.php\/wp-json\/wp\/v2\/media?parent=3763"}],"wp:term":[{"taxonomy":"product_brand","embeddable":true,"href":"https:\/\/etanec.fr\/index.php\/wp-json\/wp\/v2\/product_brand?post=3763"},{"taxonomy":"product_cat","embeddable":true,"href":"https:\/\/etanec.fr\/index.php\/wp-json\/wp\/v2\/product_cat?post=3763"},{"taxonomy":"product_tag","embeddable":true,"href":"https:\/\/etanec.fr\/index.php\/wp-json\/wp\/v2\/product_tag?post=3763"}],"curies":[{"name":"wp","href":"https:\/\/api.w.org\/{rel}","templated":true}]}}