{"id":3789,"date":"2023-06-19T13:36:59","date_gmt":"2023-06-19T11:36:59","guid":{"rendered":"http:\/\/etanec.fr\/?post_type=product&#038;p=3789"},"modified":"2023-06-19T13:38:16","modified_gmt":"2023-06-19T11:38:16","slug":"pantalon-de-travail-atom-stretch","status":"publish","type":"product","link":"https:\/\/etanec.fr\/index.php\/produit\/pantalon-de-travail-atom-stretch\/","title":{"rendered":"Pantalon de travail ATOM STRETCH"},"content":{"rendered":"<p>LES + UTILISATEURS :\u00a0 Le tissu U-4 (4 way stretch) extensible dans les 4 directions, en mati\u00e8re Nylon et \u00e9lasthanne apportant confort, r\u00e9sistance, douceur au toucher. Ce tissu est \u00e9galement d\u00e9perlant, respirant et s\u00e8che tr\u00e8s rapidement. Elastiqu\u00e9e \u00e0 la taille avec un syst\u00e8me innovant de serrage invisible.\u00a0 Bavette \u00e0 l\u2019arri\u00e8re pour une protection lombaire. Deux poches porte-genouill\u00e8re \u00e0 ouverture facile par le haut pour la protection des genoux. Nombreuse poches pratiques : 2 amples poches \u00e0 l\u2019arri\u00e8re, poche lat\u00e9rale porte-outils, poche lat\u00e9rale multifonction avec porte badge r\u00e9tractable, 2 poches \u00e0 l\u2019arri\u00e8re dont une avec patte et une avec fermeture velcro. Poches zipp\u00e9es cach\u00e9es sous la grande poche lat\u00e9rale et sous la poche avant droite. Bas de pantalon enti\u00e8rement renforc\u00e9 en Polyoxford 600D (tissu tr\u00e8s serr\u00e9 et tr\u00e8s r\u00e9sistant \u00e0 l\u2019abrasion). Fermeture centrale par zip YKK et bouton anti-rayure. Triples coutures. Touche Design : bande reflex \u00e0 l\u2019avant et \u00e0 l\u2019arri\u00e8re et ruban rouge\/reflex sur les passants post\u00e9rieurs. Slim Fit.<\/p>\n<p>TAILLES DISPONIBLES : S\/M\/L\/XL\/XXL<\/p>\n<p>COMPOSITION :<\/p>\n<p>90% POLYAMIDE NYLON, 10% ELASTHANNE SPANDEX. 260 gr\/m\u00b2<\/p>\n<p>NORMES &amp;\u00a0R\u00c8GLEMENTS\u00a0\u00a0:<\/p>\n<p>Produit conforme au r\u00e8glement Europ\u00e9en\u00a0EN ISO 13688:2013 &#8211;\u00a0V\u00eatements de protection \u2014 Exigences g\u00e9n\u00e9rales.<br \/>\n<em>L&rsquo;ISO 13688:2013 sp\u00e9cifie des exigences g\u00e9n\u00e9rales de performance relatives \u00e0 l&rsquo;ergonomie, \u00e0 l&rsquo;innocuit\u00e9, \u00e0 la d\u00e9signation des tailles, au vieillissement, \u00e0 la compatibilit\u00e9 et au marquage des v\u00eatements de protection ainsi qu&rsquo;aux informations devant \u00eatre fournies par le fabricant avec les v\u00eatements de protection.<\/em><\/p>\n","protected":false},"excerpt":{"rendered":"<ul>\n<li>Le\u00a0tissu U-4\u00a0(4 way stretch)\u00a0extensible dans les 4 directions, en mati\u00e8re Nylon et \u00e9lasthanne apportant\u00a0confort,\u00a0r\u00e9sistance,\u00a0douceur\u00a0au toucher. Ce tissu est \u00e9galement\u00a0d\u00e9perlant,\u00a0respirant\u00a0et\u00a0s\u00e8che\u00a0tr\u00e8s rapidement.<\/li>\n<li>Elastiqu\u00e9e \u00e0 la taille\u00a0avec un syst\u00e8me innovant de serrage invisible.<\/li>\n<li>Bavette \u00e0 l\u2019arri\u00e8re pour une\u00a0protection lombaire.<\/li>\n<li>Deux\u00a0poches porte-genouill\u00e8re\u00a0\u00e0 ouverture facile par le haut pour la protection des genoux.<\/li>\n<li>Nombreuse poches pratiques\u00a0: 2 amples poches \u00e0 l\u2019arri\u00e8re, poche lat\u00e9rale porte-outils, poche lat\u00e9rale multifonction avec porte badge r\u00e9tractable, 2 poches \u00e0 l\u2019arri\u00e8re dont une avec patte et une avec fermeture velcro. Poches zipp\u00e9es cach\u00e9es sous la grande poche lat\u00e9rale et sous la poche avant droite.<\/li>\n<li>Bas de pantalon enti\u00e8rement renforc\u00e9\u00a0en Polyoxford 600D (tissu tr\u00e8s serr\u00e9 et tr\u00e8s r\u00e9sistant \u00e0 l\u2019abrasion)<\/li>\n<li>Fermeture centrale par zip YKK et bouton anti-rayure. Triples coutures.<\/li>\n<li>Touche Design\u00a0: bande reflex \u00e0 l\u2019avant et \u00e0 l\u2019arri\u00e8re et ruban rouge\/reflex sur les passants post\u00e9rieurs. Slim Fit.<\/li>\n<li>TAILLES DISPONIBLES : S\/M\/L\/XL\/XXL<\/li>\n<\/ul>\n<p>COMPOSITION :<\/p>\n<p>90% POLYAMIDE NYLON<br \/>\n10% ELASTHANNE SPANDEX<br \/>\n260 gr\/m\u00b2<\/p>\n<p>NORMES &amp;\u00a0R\u00c8GLEMENTS\u00a0\u00a0:<\/p>\n<p>Produit conforme au r\u00e8glement Europ\u00e9en\u00a0EN ISO 13688:2013 &#8211;\u00a0V\u00eatements de protection \u2014 Exigences g\u00e9n\u00e9rales.<br \/>\n<em>L&rsquo;ISO 13688:2013 sp\u00e9cifie des exigences g\u00e9n\u00e9rales de performance relatives \u00e0 l&rsquo;ergonomie, \u00e0 l&rsquo;innocuit\u00e9, \u00e0 la d\u00e9signation des tailles, au vieillissement, \u00e0 la compatibilit\u00e9 et au marquage des v\u00eatements de protection ainsi qu&rsquo;aux informations devant \u00eatre fournies par le fabricant avec les v\u00eatements de protection.<\/em><\/p>\n","protected":false},"featured_media":3792,"comment_status":"open","ping_status":"closed","template":"","meta":{"_monsterinsights_skip_tracking":false,"_monsterinsights_sitenote_active":false,"_monsterinsights_sitenote_note":"","_monsterinsights_sitenote_category":0,"jetpack_publicize_message":"","jetpack_publicize_feature_enabled":true,"jetpack_social_post_already_shared":false,"jetpack_social_options":{"image_generator_settings":{"template":"highway","default_image_id":0,"font":"","enabled":false},"version":2}},"product_brand":[],"product_cat":[40],"product_tag":[],"class_list":{"0":"post-3789","1":"product","2":"type-product","3":"status-publish","6":"product_cat-epi","8":"first","9":"instock","10":"taxable","11":"shipping-taxable","12":"product-type-simple"},"yoast_head":"<!-- This site is optimized with the Yoast SEO plugin v26.6 - https:\/\/yoast.com\/wordpress\/plugins\/seo\/ -->\n<title>Pantalon de travail ATOM STRETCH - ETANEC<\/title>\n<meta name=\"robots\" content=\"index, follow, max-snippet:-1, max-image-preview:large, max-video-preview:-1\" \/>\n<link rel=\"canonical\" href=\"https:\/\/etanec.fr\/index.php\/produit\/pantalon-de-travail-atom-stretch\/\" \/>\n<meta property=\"og:locale\" content=\"fr_FR\" \/>\n<meta property=\"og:type\" content=\"article\" \/>\n<meta property=\"og:title\" content=\"Pantalon de travail ATOM STRETCH - ETANEC\" \/>\n<meta property=\"og:description\" content=\"Le\u00a0tissu U-4\u00a0(4 way stretch)\u00a0extensible dans les 4 directions, en mati\u00e8re Nylon et \u00e9lasthanne apportant\u00a0confort,\u00a0r\u00e9sistance,\u00a0douceur\u00a0au toucher. Ce tissu est \u00e9galement\u00a0d\u00e9perlant,\u00a0respirant\u00a0et\u00a0s\u00e8che\u00a0tr\u00e8s rapidement.  Elastiqu\u00e9e \u00e0 la taille\u00a0avec un syst\u00e8me innovant de serrage invisible.  Bavette \u00e0 l\u2019arri\u00e8re pour une\u00a0protection lombaire.  Deux\u00a0poches porte-genouill\u00e8re\u00a0\u00e0 ouverture facile par le haut pour la protection des genoux.  Nombreuse poches pratiques\u00a0: 2 amples poches \u00e0 l\u2019arri\u00e8re, poche lat\u00e9rale porte-outils, poche lat\u00e9rale multifonction avec porte badge r\u00e9tractable, 2 poches \u00e0 l\u2019arri\u00e8re dont une avec patte et une avec fermeture velcro. Poches zipp\u00e9es cach\u00e9es sous la grande poche lat\u00e9rale et sous la poche avant droite.  Bas de pantalon enti\u00e8rement renforc\u00e9\u00a0en Polyoxford 600D (tissu tr\u00e8s serr\u00e9 et tr\u00e8s r\u00e9sistant \u00e0 l\u2019abrasion)  Fermeture centrale par zip YKK et bouton anti-rayure. Triples coutures.  Touche Design\u00a0: bande reflex \u00e0 l\u2019avant et \u00e0 l\u2019arri\u00e8re et ruban rouge\/reflex sur les passants post\u00e9rieurs. Slim Fit.  TAILLES DISPONIBLES : S\/M\/L\/XL\/XXL  COMPOSITION :  90% POLYAMIDE NYLON 10% ELASTHANNE SPANDEX 260 gr\/m\u00b2  NORMES &amp;\u00a0R\u00c8GLEMENTS\u00a0\u00a0:  Produit conforme au r\u00e8glement Europ\u00e9en\u00a0EN ISO 13688:2013 -\u00a0V\u00eatements de protection \u2014 Exigences g\u00e9n\u00e9rales. L&#039;ISO 13688:2013 sp\u00e9cifie des exigences g\u00e9n\u00e9rales de performance relatives \u00e0 l&#039;ergonomie, \u00e0 l&#039;innocuit\u00e9, \u00e0 la d\u00e9signation des tailles, au vieillissement, \u00e0 la compatibilit\u00e9 et au marquage des v\u00eatements de protection ainsi qu&#039;aux informations devant \u00eatre fournies par le fabricant avec les v\u00eatements de protection.\" \/>\n<meta property=\"og:url\" content=\"https:\/\/etanec.fr\/index.php\/produit\/pantalon-de-travail-atom-stretch\/\" \/>\n<meta property=\"og:site_name\" content=\"ETANEC\" \/>\n<meta property=\"article:modified_time\" content=\"2023-06-19T11:38:16+00:00\" \/>\n<meta property=\"og:image\" content=\"https:\/\/i0.wp.com\/etanec.fr\/wp-content\/uploads\/2022\/12\/1243_610x610.jpeg?fit=610%2C610&ssl=1\" \/>\n\t<meta property=\"og:image:width\" content=\"610\" \/>\n\t<meta property=\"og:image:height\" content=\"610\" \/>\n\t<meta property=\"og:image:type\" content=\"image\/jpeg\" \/>\n<meta name=\"twitter:card\" content=\"summary_large_image\" \/>\n<meta name=\"twitter:label1\" content=\"Dur\u00e9e de lecture estim\u00e9e\" \/>\n\t<meta name=\"twitter:data1\" content=\"2 minutes\" \/>\n<script type=\"application\/ld+json\" class=\"yoast-schema-graph\">{\"@context\":\"https:\/\/schema.org\",\"@graph\":[{\"@type\":\"WebPage\",\"@id\":\"https:\/\/etanec.fr\/index.php\/produit\/pantalon-de-travail-atom-stretch\/\",\"url\":\"https:\/\/etanec.fr\/index.php\/produit\/pantalon-de-travail-atom-stretch\/\",\"name\":\"Pantalon de travail ATOM STRETCH - ETANEC\",\"isPartOf\":{\"@id\":\"https:\/\/etanec.fr\/#website\"},\"primaryImageOfPage\":{\"@id\":\"https:\/\/etanec.fr\/index.php\/produit\/pantalon-de-travail-atom-stretch\/#primaryimage\"},\"image\":{\"@id\":\"https:\/\/etanec.fr\/index.php\/produit\/pantalon-de-travail-atom-stretch\/#primaryimage\"},\"thumbnailUrl\":\"https:\/\/i0.wp.com\/etanec.fr\/wp-content\/uploads\/2022\/12\/1243_610x610.jpeg?fit=610%2C610&ssl=1\",\"datePublished\":\"2023-06-19T11:36:59+00:00\",\"dateModified\":\"2023-06-19T11:38:16+00:00\",\"breadcrumb\":{\"@id\":\"https:\/\/etanec.fr\/index.php\/produit\/pantalon-de-travail-atom-stretch\/#breadcrumb\"},\"inLanguage\":\"fr-FR\",\"potentialAction\":[{\"@type\":\"ReadAction\",\"target\":[\"https:\/\/etanec.fr\/index.php\/produit\/pantalon-de-travail-atom-stretch\/\"]}]},{\"@type\":\"ImageObject\",\"inLanguage\":\"fr-FR\",\"@id\":\"https:\/\/etanec.fr\/index.php\/produit\/pantalon-de-travail-atom-stretch\/#primaryimage\",\"url\":\"https:\/\/i0.wp.com\/etanec.fr\/wp-content\/uploads\/2022\/12\/1243_610x610.jpeg?fit=610%2C610&ssl=1\",\"contentUrl\":\"https:\/\/i0.wp.com\/etanec.fr\/wp-content\/uploads\/2022\/12\/1243_610x610.jpeg?fit=610%2C610&ssl=1\",\"width\":610,\"height\":610},{\"@type\":\"BreadcrumbList\",\"@id\":\"https:\/\/etanec.fr\/index.php\/produit\/pantalon-de-travail-atom-stretch\/#breadcrumb\",\"itemListElement\":[{\"@type\":\"ListItem\",\"position\":1,\"name\":\"Accueil\",\"item\":\"https:\/\/etanec.fr\/\"},{\"@type\":\"ListItem\",\"position\":2,\"name\":\"Gamme de produits\",\"item\":\"https:\/\/etanec.fr\/index.php\/boutique\/\"},{\"@type\":\"ListItem\",\"position\":3,\"name\":\"Pantalon de travail ATOM STRETCH\"}]},{\"@type\":\"WebSite\",\"@id\":\"https:\/\/etanec.fr\/#website\",\"url\":\"https:\/\/etanec.fr\/\",\"name\":\"etanec.fr\",\"description\":\"Votre Solution en Outillage &amp; Fixation Enveloppe du batiment\",\"publisher\":{\"@id\":\"https:\/\/etanec.fr\/#organization\"},\"potentialAction\":[{\"@type\":\"SearchAction\",\"target\":{\"@type\":\"EntryPoint\",\"urlTemplate\":\"https:\/\/etanec.fr\/?s={search_term_string}\"},\"query-input\":{\"@type\":\"PropertyValueSpecification\",\"valueRequired\":true,\"valueName\":\"search_term_string\"}}],\"inLanguage\":\"fr-FR\"},{\"@type\":\"Organization\",\"@id\":\"https:\/\/etanec.fr\/#organization\",\"name\":\"etanec.fr\",\"url\":\"https:\/\/etanec.fr\/\",\"logo\":{\"@type\":\"ImageObject\",\"inLanguage\":\"fr-FR\",\"@id\":\"https:\/\/etanec.fr\/#\/schema\/logo\/image\/\",\"url\":\"https:\/\/i0.wp.com\/etanec.fr\/wp-content\/uploads\/2017\/11\/cropped-cropped-cropped-ETANEC-LOGO-2017-RVBTRANSP-HD-e1509965316759.png?fit=350%2C75&ssl=1\",\"contentUrl\":\"https:\/\/i0.wp.com\/etanec.fr\/wp-content\/uploads\/2017\/11\/cropped-cropped-cropped-ETANEC-LOGO-2017-RVBTRANSP-HD-e1509965316759.png?fit=350%2C75&ssl=1\",\"width\":350,\"height\":75,\"caption\":\"etanec.fr\"},\"image\":{\"@id\":\"https:\/\/etanec.fr\/#\/schema\/logo\/image\/\"},\"sameAs\":[\"https:\/\/www.linkedin.com\/company\/etanecgroup\/?viewAsMember=true\"]}]}<\/script>\n<!-- \/ Yoast SEO plugin. -->","yoast_head_json":{"title":"Pantalon de travail ATOM STRETCH - ETANEC","robots":{"index":"index","follow":"follow","max-snippet":"max-snippet:-1","max-image-preview":"max-image-preview:large","max-video-preview":"max-video-preview:-1"},"canonical":"https:\/\/etanec.fr\/index.php\/produit\/pantalon-de-travail-atom-stretch\/","og_locale":"fr_FR","og_type":"article","og_title":"Pantalon de travail ATOM STRETCH - ETANEC","og_description":"Le\u00a0tissu U-4\u00a0(4 way stretch)\u00a0extensible dans les 4 directions, en mati\u00e8re Nylon et \u00e9lasthanne apportant\u00a0confort,\u00a0r\u00e9sistance,\u00a0douceur\u00a0au toucher. Ce tissu est \u00e9galement\u00a0d\u00e9perlant,\u00a0respirant\u00a0et\u00a0s\u00e8che\u00a0tr\u00e8s rapidement.  Elastiqu\u00e9e \u00e0 la taille\u00a0avec un syst\u00e8me innovant de serrage invisible.  Bavette \u00e0 l\u2019arri\u00e8re pour une\u00a0protection lombaire.  Deux\u00a0poches porte-genouill\u00e8re\u00a0\u00e0 ouverture facile par le haut pour la protection des genoux.  Nombreuse poches pratiques\u00a0: 2 amples poches \u00e0 l\u2019arri\u00e8re, poche lat\u00e9rale porte-outils, poche lat\u00e9rale multifonction avec porte badge r\u00e9tractable, 2 poches \u00e0 l\u2019arri\u00e8re dont une avec patte et une avec fermeture velcro. Poches zipp\u00e9es cach\u00e9es sous la grande poche lat\u00e9rale et sous la poche avant droite.  Bas de pantalon enti\u00e8rement renforc\u00e9\u00a0en Polyoxford 600D (tissu tr\u00e8s serr\u00e9 et tr\u00e8s r\u00e9sistant \u00e0 l\u2019abrasion)  Fermeture centrale par zip YKK et bouton anti-rayure. Triples coutures.  Touche Design\u00a0: bande reflex \u00e0 l\u2019avant et \u00e0 l\u2019arri\u00e8re et ruban rouge\/reflex sur les passants post\u00e9rieurs. Slim Fit.  TAILLES DISPONIBLES : S\/M\/L\/XL\/XXL  COMPOSITION :  90% POLYAMIDE NYLON 10% ELASTHANNE SPANDEX 260 gr\/m\u00b2  NORMES &amp;\u00a0R\u00c8GLEMENTS\u00a0\u00a0:  Produit conforme au r\u00e8glement Europ\u00e9en\u00a0EN ISO 13688:2013 -\u00a0V\u00eatements de protection \u2014 Exigences g\u00e9n\u00e9rales. L'ISO 13688:2013 sp\u00e9cifie des exigences g\u00e9n\u00e9rales de performance relatives \u00e0 l'ergonomie, \u00e0 l'innocuit\u00e9, \u00e0 la d\u00e9signation des tailles, au vieillissement, \u00e0 la compatibilit\u00e9 et au marquage des v\u00eatements de protection ainsi qu'aux informations devant \u00eatre fournies par le fabricant avec les v\u00eatements de protection.","og_url":"https:\/\/etanec.fr\/index.php\/produit\/pantalon-de-travail-atom-stretch\/","og_site_name":"ETANEC","article_modified_time":"2023-06-19T11:38:16+00:00","og_image":[{"width":610,"height":610,"url":"https:\/\/i0.wp.com\/etanec.fr\/wp-content\/uploads\/2022\/12\/1243_610x610.jpeg?fit=610%2C610&ssl=1","type":"image\/jpeg"}],"twitter_card":"summary_large_image","twitter_misc":{"Dur\u00e9e de lecture estim\u00e9e":"2 minutes"},"schema":{"@context":"https:\/\/schema.org","@graph":[{"@type":"WebPage","@id":"https:\/\/etanec.fr\/index.php\/produit\/pantalon-de-travail-atom-stretch\/","url":"https:\/\/etanec.fr\/index.php\/produit\/pantalon-de-travail-atom-stretch\/","name":"Pantalon de travail ATOM STRETCH - ETANEC","isPartOf":{"@id":"https:\/\/etanec.fr\/#website"},"primaryImageOfPage":{"@id":"https:\/\/etanec.fr\/index.php\/produit\/pantalon-de-travail-atom-stretch\/#primaryimage"},"image":{"@id":"https:\/\/etanec.fr\/index.php\/produit\/pantalon-de-travail-atom-stretch\/#primaryimage"},"thumbnailUrl":"https:\/\/i0.wp.com\/etanec.fr\/wp-content\/uploads\/2022\/12\/1243_610x610.jpeg?fit=610%2C610&ssl=1","datePublished":"2023-06-19T11:36:59+00:00","dateModified":"2023-06-19T11:38:16+00:00","breadcrumb":{"@id":"https:\/\/etanec.fr\/index.php\/produit\/pantalon-de-travail-atom-stretch\/#breadcrumb"},"inLanguage":"fr-FR","potentialAction":[{"@type":"ReadAction","target":["https:\/\/etanec.fr\/index.php\/produit\/pantalon-de-travail-atom-stretch\/"]}]},{"@type":"ImageObject","inLanguage":"fr-FR","@id":"https:\/\/etanec.fr\/index.php\/produit\/pantalon-de-travail-atom-stretch\/#primaryimage","url":"https:\/\/i0.wp.com\/etanec.fr\/wp-content\/uploads\/2022\/12\/1243_610x610.jpeg?fit=610%2C610&ssl=1","contentUrl":"https:\/\/i0.wp.com\/etanec.fr\/wp-content\/uploads\/2022\/12\/1243_610x610.jpeg?fit=610%2C610&ssl=1","width":610,"height":610},{"@type":"BreadcrumbList","@id":"https:\/\/etanec.fr\/index.php\/produit\/pantalon-de-travail-atom-stretch\/#breadcrumb","itemListElement":[{"@type":"ListItem","position":1,"name":"Accueil","item":"https:\/\/etanec.fr\/"},{"@type":"ListItem","position":2,"name":"Gamme de produits","item":"https:\/\/etanec.fr\/index.php\/boutique\/"},{"@type":"ListItem","position":3,"name":"Pantalon de travail ATOM STRETCH"}]},{"@type":"WebSite","@id":"https:\/\/etanec.fr\/#website","url":"https:\/\/etanec.fr\/","name":"etanec.fr","description":"Votre Solution en Outillage &amp; Fixation Enveloppe du batiment","publisher":{"@id":"https:\/\/etanec.fr\/#organization"},"potentialAction":[{"@type":"SearchAction","target":{"@type":"EntryPoint","urlTemplate":"https:\/\/etanec.fr\/?s={search_term_string}"},"query-input":{"@type":"PropertyValueSpecification","valueRequired":true,"valueName":"search_term_string"}}],"inLanguage":"fr-FR"},{"@type":"Organization","@id":"https:\/\/etanec.fr\/#organization","name":"etanec.fr","url":"https:\/\/etanec.fr\/","logo":{"@type":"ImageObject","inLanguage":"fr-FR","@id":"https:\/\/etanec.fr\/#\/schema\/logo\/image\/","url":"https:\/\/i0.wp.com\/etanec.fr\/wp-content\/uploads\/2017\/11\/cropped-cropped-cropped-ETANEC-LOGO-2017-RVBTRANSP-HD-e1509965316759.png?fit=350%2C75&ssl=1","contentUrl":"https:\/\/i0.wp.com\/etanec.fr\/wp-content\/uploads\/2017\/11\/cropped-cropped-cropped-ETANEC-LOGO-2017-RVBTRANSP-HD-e1509965316759.png?fit=350%2C75&ssl=1","width":350,"height":75,"caption":"etanec.fr"},"image":{"@id":"https:\/\/etanec.fr\/#\/schema\/logo\/image\/"},"sameAs":["https:\/\/www.linkedin.com\/company\/etanecgroup\/?viewAsMember=true"]}]}},"jetpack_publicize_connections":[],"jetpack_sharing_enabled":true,"_links":{"self":[{"href":"https:\/\/etanec.fr\/index.php\/wp-json\/wp\/v2\/product\/3789","targetHints":{"allow":["GET"]}}],"collection":[{"href":"https:\/\/etanec.fr\/index.php\/wp-json\/wp\/v2\/product"}],"about":[{"href":"https:\/\/etanec.fr\/index.php\/wp-json\/wp\/v2\/types\/product"}],"replies":[{"embeddable":true,"href":"https:\/\/etanec.fr\/index.php\/wp-json\/wp\/v2\/comments?post=3789"}],"version-history":[{"count":4,"href":"https:\/\/etanec.fr\/index.php\/wp-json\/wp\/v2\/product\/3789\/revisions"}],"predecessor-version":[{"id":6752,"href":"https:\/\/etanec.fr\/index.php\/wp-json\/wp\/v2\/product\/3789\/revisions\/6752"}],"wp:featuredmedia":[{"embeddable":true,"href":"https:\/\/etanec.fr\/index.php\/wp-json\/wp\/v2\/media\/3792"}],"wp:attachment":[{"href":"https:\/\/etanec.fr\/index.php\/wp-json\/wp\/v2\/media?parent=3789"}],"wp:term":[{"taxonomy":"product_brand","embeddable":true,"href":"https:\/\/etanec.fr\/index.php\/wp-json\/wp\/v2\/product_brand?post=3789"},{"taxonomy":"product_cat","embeddable":true,"href":"https:\/\/etanec.fr\/index.php\/wp-json\/wp\/v2\/product_cat?post=3789"},{"taxonomy":"product_tag","embeddable":true,"href":"https:\/\/etanec.fr\/index.php\/wp-json\/wp\/v2\/product_tag?post=3789"}],"curies":[{"name":"wp","href":"https:\/\/api.w.org\/{rel}","templated":true}]}}