{"id":3818,"date":"2023-06-20T16:22:16","date_gmt":"2023-06-20T14:22:16","guid":{"rendered":"http:\/\/etanec.fr\/?post_type=product&#038;p=3818"},"modified":"2023-06-20T16:22:17","modified_gmt":"2023-06-20T14:22:17","slug":"bermuda-confort-premium","status":"publish","type":"product","link":"https:\/\/etanec.fr\/index.php\/produit\/bermuda-confort-premium\/","title":{"rendered":"Bermuda CONFORT PREMIUM"},"content":{"rendered":"<p>Le bermuda Conforto repr\u00e9sente les derni\u00e8res innovations techniques en termes de confort et r\u00e9sistance. Ultra r\u00e9sistant, respirant, l\u00e9ger, confortable, pratique! et pour finir: une dur\u00e9e de vie exceptionnelle! Il acc\u00e9l\u00e8re vos performances physiques pour une productivit\u00e9 optimale. Renforc\u00e9 au niveau des cuisses en Cordura. Grande r\u00e9sistance \u00e0 l&rsquo;abrasion et la perforation. Entre jambes extensible, confortable et ultra r\u00e9sistant. Impossible avec un bermuda classique d&rsquo;avoir le m\u00eame stretch. A\u00e9rations sur les c\u00f4t\u00e9s pour vous apporter une meilleure ventilation en cas de forte chaleur ou de travail intensif. Ceinture int\u00e9gr\u00e9e avec r\u00e9glage millim\u00e9trique<\/p>\n<p>CARACT\u00c9RISTIQUES TECHNIQUES :<\/p>\n<p>Tissu noir Cordura coton 220g\/m2,<br \/>\nTailles disponibles: T 0\/1\/2\/3\/4 (du 36 au 54)<br \/>\nCouleur: Noir<\/p>\n","protected":false},"excerpt":{"rendered":"<p>Le bermuda Conforto repr\u00e9sente les derni\u00e8res innovations techniques en termes de confort et r\u00e9sistance<\/p>\n<p>Ultra r\u00e9sistant, respirant, l\u00e9ger, confortable, pratique! et pour finir: une dur\u00e9e de vie exceptionnelle !<\/p>\n<p>Il acc\u00e9l\u00e8re vos performances physiques pour une productivit\u00e9 optimale<\/p>\n<p>Renforc\u00e9 au niveau des cuisses en Cordura<\/p>\n<p>Grande r\u00e9sistance \u00e0 l&rsquo;abrasion et la perforation<\/p>\n<p>Entre jambes extensible, confortable et ultra r\u00e9sistant impossible avec un bermuda classique d&rsquo;avoir le m\u00eame stretch<\/p>\n<p>A\u00e9rations sur les c\u00f4t\u00e9s pour vous apporter une meilleure ventilation en cas de forte chaleur ou de travail intensif<\/p>\n<p>Ceinture int\u00e9gr\u00e9e avec r\u00e9glage millim\u00e9trique<\/p>\n<p>CARACT\u00c9RISTIQUES TECHNIQUES :<\/p>\n<p>Tissu noir Cordura coton 220g\/m2<br \/>\nTailles disponibles: T 0\/1\/2\/3\/4 (du 36 au 54)<br \/>\nCouleur: Noir<\/p>\n","protected":false},"featured_media":3820,"comment_status":"open","ping_status":"closed","template":"","meta":{"_monsterinsights_skip_tracking":false,"_monsterinsights_sitenote_active":false,"_monsterinsights_sitenote_note":"","_monsterinsights_sitenote_category":0,"jetpack_publicize_message":"","jetpack_publicize_feature_enabled":true,"jetpack_social_post_already_shared":false,"jetpack_social_options":{"image_generator_settings":{"template":"highway","default_image_id":0,"font":"","enabled":false},"version":2}},"product_brand":[],"product_cat":[40],"product_tag":[],"class_list":{"0":"post-3818","1":"product","2":"type-product","3":"status-publish","6":"product_cat-epi","8":"first","9":"instock","10":"taxable","11":"shipping-taxable","12":"product-type-simple"},"yoast_head":"<!-- This site is optimized with the Yoast SEO plugin v26.6 - https:\/\/yoast.com\/wordpress\/plugins\/seo\/ -->\n<title>Bermuda CONFORT PREMIUM - ETANEC<\/title>\n<meta name=\"robots\" content=\"index, follow, max-snippet:-1, max-image-preview:large, max-video-preview:-1\" \/>\n<link rel=\"canonical\" href=\"http:\/\/etanec.fr\/index.php\/produit\/bermuda-confort-premium\/\" \/>\n<meta property=\"og:locale\" content=\"fr_FR\" \/>\n<meta property=\"og:type\" content=\"article\" \/>\n<meta property=\"og:title\" content=\"Bermuda CONFORT PREMIUM - ETANEC\" \/>\n<meta property=\"og:description\" content=\"Le bermuda Conforto repr\u00e9sente les derni\u00e8res innovations techniques en termes de confort et r\u00e9sistance  Ultra r\u00e9sistant, respirant, l\u00e9ger, confortable, pratique! et pour finir: une dur\u00e9e de vie exceptionnelle !  Il acc\u00e9l\u00e8re vos performances physiques pour une productivit\u00e9 optimale  Renforc\u00e9 au niveau des cuisses en Cordura  Grande r\u00e9sistance \u00e0 l&#039;abrasion et la perforation  Entre jambes extensible, confortable et ultra r\u00e9sistant impossible avec un bermuda classique d&#039;avoir le m\u00eame stretch  A\u00e9rations sur les c\u00f4t\u00e9s pour vous apporter une meilleure ventilation en cas de forte chaleur ou de travail intensif  Ceinture int\u00e9gr\u00e9e avec r\u00e9glage millim\u00e9trique  CARACT\u00c9RISTIQUES TECHNIQUES :  Tissu noir Cordura coton 220g\/m2 Tailles disponibles: T 0\/1\/2\/3\/4 (du 36 au 54) Couleur: Noir\" \/>\n<meta property=\"og:url\" content=\"http:\/\/etanec.fr\/index.php\/produit\/bermuda-confort-premium\/\" \/>\n<meta property=\"og:site_name\" content=\"ETANEC\" \/>\n<meta property=\"article:modified_time\" content=\"2023-06-20T14:22:17+00:00\" \/>\n<meta property=\"og:image\" content=\"https:\/\/i0.wp.com\/etanec.fr\/wp-content\/uploads\/2022\/12\/1166_610x610.jpeg?fit=610%2C610\" \/>\n\t<meta property=\"og:image:width\" content=\"610\" \/>\n\t<meta property=\"og:image:height\" content=\"610\" \/>\n\t<meta property=\"og:image:type\" content=\"image\/jpeg\" \/>\n<meta name=\"twitter:card\" content=\"summary_large_image\" \/>\n<meta name=\"twitter:label1\" content=\"Dur\u00e9e de lecture estim\u00e9e\" \/>\n\t<meta name=\"twitter:data1\" content=\"1 minute\" \/>\n<script type=\"application\/ld+json\" class=\"yoast-schema-graph\">{\"@context\":\"https:\/\/schema.org\",\"@graph\":[{\"@type\":\"WebPage\",\"@id\":\"http:\/\/etanec.fr\/index.php\/produit\/bermuda-confort-premium\/\",\"url\":\"http:\/\/etanec.fr\/index.php\/produit\/bermuda-confort-premium\/\",\"name\":\"Bermuda CONFORT PREMIUM - ETANEC\",\"isPartOf\":{\"@id\":\"https:\/\/etanec.fr\/#website\"},\"primaryImageOfPage\":{\"@id\":\"http:\/\/etanec.fr\/index.php\/produit\/bermuda-confort-premium\/#primaryimage\"},\"image\":{\"@id\":\"http:\/\/etanec.fr\/index.php\/produit\/bermuda-confort-premium\/#primaryimage\"},\"thumbnailUrl\":\"https:\/\/i0.wp.com\/etanec.fr\/wp-content\/uploads\/2022\/12\/1166_610x610.jpeg?fit=610%2C610&ssl=1\",\"datePublished\":\"2023-06-20T14:22:16+00:00\",\"dateModified\":\"2023-06-20T14:22:17+00:00\",\"breadcrumb\":{\"@id\":\"http:\/\/etanec.fr\/index.php\/produit\/bermuda-confort-premium\/#breadcrumb\"},\"inLanguage\":\"fr-FR\",\"potentialAction\":[{\"@type\":\"ReadAction\",\"target\":[\"http:\/\/etanec.fr\/index.php\/produit\/bermuda-confort-premium\/\"]}]},{\"@type\":\"ImageObject\",\"inLanguage\":\"fr-FR\",\"@id\":\"http:\/\/etanec.fr\/index.php\/produit\/bermuda-confort-premium\/#primaryimage\",\"url\":\"https:\/\/i0.wp.com\/etanec.fr\/wp-content\/uploads\/2022\/12\/1166_610x610.jpeg?fit=610%2C610&ssl=1\",\"contentUrl\":\"https:\/\/i0.wp.com\/etanec.fr\/wp-content\/uploads\/2022\/12\/1166_610x610.jpeg?fit=610%2C610&ssl=1\",\"width\":610,\"height\":610},{\"@type\":\"BreadcrumbList\",\"@id\":\"http:\/\/etanec.fr\/index.php\/produit\/bermuda-confort-premium\/#breadcrumb\",\"itemListElement\":[{\"@type\":\"ListItem\",\"position\":1,\"name\":\"Accueil\",\"item\":\"https:\/\/etanec.fr\/\"},{\"@type\":\"ListItem\",\"position\":2,\"name\":\"Gamme de produits\",\"item\":\"https:\/\/etanec.fr\/index.php\/boutique\/\"},{\"@type\":\"ListItem\",\"position\":3,\"name\":\"Bermuda CONFORT PREMIUM\"}]},{\"@type\":\"WebSite\",\"@id\":\"https:\/\/etanec.fr\/#website\",\"url\":\"https:\/\/etanec.fr\/\",\"name\":\"etanec.fr\",\"description\":\"Votre Solution en Outillage &amp; Fixation Enveloppe du batiment\",\"publisher\":{\"@id\":\"https:\/\/etanec.fr\/#organization\"},\"potentialAction\":[{\"@type\":\"SearchAction\",\"target\":{\"@type\":\"EntryPoint\",\"urlTemplate\":\"https:\/\/etanec.fr\/?s={search_term_string}\"},\"query-input\":{\"@type\":\"PropertyValueSpecification\",\"valueRequired\":true,\"valueName\":\"search_term_string\"}}],\"inLanguage\":\"fr-FR\"},{\"@type\":\"Organization\",\"@id\":\"https:\/\/etanec.fr\/#organization\",\"name\":\"etanec.fr\",\"url\":\"https:\/\/etanec.fr\/\",\"logo\":{\"@type\":\"ImageObject\",\"inLanguage\":\"fr-FR\",\"@id\":\"https:\/\/etanec.fr\/#\/schema\/logo\/image\/\",\"url\":\"https:\/\/i0.wp.com\/etanec.fr\/wp-content\/uploads\/2017\/11\/cropped-cropped-cropped-ETANEC-LOGO-2017-RVBTRANSP-HD-e1509965316759.png?fit=350%2C75&ssl=1\",\"contentUrl\":\"https:\/\/i0.wp.com\/etanec.fr\/wp-content\/uploads\/2017\/11\/cropped-cropped-cropped-ETANEC-LOGO-2017-RVBTRANSP-HD-e1509965316759.png?fit=350%2C75&ssl=1\",\"width\":350,\"height\":75,\"caption\":\"etanec.fr\"},\"image\":{\"@id\":\"https:\/\/etanec.fr\/#\/schema\/logo\/image\/\"},\"sameAs\":[\"https:\/\/www.linkedin.com\/company\/etanecgroup\/?viewAsMember=true\"]}]}<\/script>\n<!-- \/ Yoast SEO plugin. -->","yoast_head_json":{"title":"Bermuda CONFORT PREMIUM - ETANEC","robots":{"index":"index","follow":"follow","max-snippet":"max-snippet:-1","max-image-preview":"max-image-preview:large","max-video-preview":"max-video-preview:-1"},"canonical":"http:\/\/etanec.fr\/index.php\/produit\/bermuda-confort-premium\/","og_locale":"fr_FR","og_type":"article","og_title":"Bermuda CONFORT PREMIUM - ETANEC","og_description":"Le bermuda Conforto repr\u00e9sente les derni\u00e8res innovations techniques en termes de confort et r\u00e9sistance  Ultra r\u00e9sistant, respirant, l\u00e9ger, confortable, pratique! et pour finir: une dur\u00e9e de vie exceptionnelle !  Il acc\u00e9l\u00e8re vos performances physiques pour une productivit\u00e9 optimale  Renforc\u00e9 au niveau des cuisses en Cordura  Grande r\u00e9sistance \u00e0 l'abrasion et la perforation  Entre jambes extensible, confortable et ultra r\u00e9sistant impossible avec un bermuda classique d'avoir le m\u00eame stretch  A\u00e9rations sur les c\u00f4t\u00e9s pour vous apporter une meilleure ventilation en cas de forte chaleur ou de travail intensif  Ceinture int\u00e9gr\u00e9e avec r\u00e9glage millim\u00e9trique  CARACT\u00c9RISTIQUES TECHNIQUES :  Tissu noir Cordura coton 220g\/m2 Tailles disponibles: T 0\/1\/2\/3\/4 (du 36 au 54) Couleur: Noir","og_url":"http:\/\/etanec.fr\/index.php\/produit\/bermuda-confort-premium\/","og_site_name":"ETANEC","article_modified_time":"2023-06-20T14:22:17+00:00","og_image":[{"width":610,"height":610,"url":"https:\/\/i0.wp.com\/etanec.fr\/wp-content\/uploads\/2022\/12\/1166_610x610.jpeg?fit=610%2C610","type":"image\/jpeg"}],"twitter_card":"summary_large_image","twitter_misc":{"Dur\u00e9e de lecture estim\u00e9e":"1 minute"},"schema":{"@context":"https:\/\/schema.org","@graph":[{"@type":"WebPage","@id":"http:\/\/etanec.fr\/index.php\/produit\/bermuda-confort-premium\/","url":"http:\/\/etanec.fr\/index.php\/produit\/bermuda-confort-premium\/","name":"Bermuda CONFORT PREMIUM - ETANEC","isPartOf":{"@id":"https:\/\/etanec.fr\/#website"},"primaryImageOfPage":{"@id":"http:\/\/etanec.fr\/index.php\/produit\/bermuda-confort-premium\/#primaryimage"},"image":{"@id":"http:\/\/etanec.fr\/index.php\/produit\/bermuda-confort-premium\/#primaryimage"},"thumbnailUrl":"https:\/\/i0.wp.com\/etanec.fr\/wp-content\/uploads\/2022\/12\/1166_610x610.jpeg?fit=610%2C610&ssl=1","datePublished":"2023-06-20T14:22:16+00:00","dateModified":"2023-06-20T14:22:17+00:00","breadcrumb":{"@id":"http:\/\/etanec.fr\/index.php\/produit\/bermuda-confort-premium\/#breadcrumb"},"inLanguage":"fr-FR","potentialAction":[{"@type":"ReadAction","target":["http:\/\/etanec.fr\/index.php\/produit\/bermuda-confort-premium\/"]}]},{"@type":"ImageObject","inLanguage":"fr-FR","@id":"http:\/\/etanec.fr\/index.php\/produit\/bermuda-confort-premium\/#primaryimage","url":"https:\/\/i0.wp.com\/etanec.fr\/wp-content\/uploads\/2022\/12\/1166_610x610.jpeg?fit=610%2C610&ssl=1","contentUrl":"https:\/\/i0.wp.com\/etanec.fr\/wp-content\/uploads\/2022\/12\/1166_610x610.jpeg?fit=610%2C610&ssl=1","width":610,"height":610},{"@type":"BreadcrumbList","@id":"http:\/\/etanec.fr\/index.php\/produit\/bermuda-confort-premium\/#breadcrumb","itemListElement":[{"@type":"ListItem","position":1,"name":"Accueil","item":"https:\/\/etanec.fr\/"},{"@type":"ListItem","position":2,"name":"Gamme de produits","item":"https:\/\/etanec.fr\/index.php\/boutique\/"},{"@type":"ListItem","position":3,"name":"Bermuda CONFORT PREMIUM"}]},{"@type":"WebSite","@id":"https:\/\/etanec.fr\/#website","url":"https:\/\/etanec.fr\/","name":"etanec.fr","description":"Votre Solution en Outillage &amp; Fixation Enveloppe du batiment","publisher":{"@id":"https:\/\/etanec.fr\/#organization"},"potentialAction":[{"@type":"SearchAction","target":{"@type":"EntryPoint","urlTemplate":"https:\/\/etanec.fr\/?s={search_term_string}"},"query-input":{"@type":"PropertyValueSpecification","valueRequired":true,"valueName":"search_term_string"}}],"inLanguage":"fr-FR"},{"@type":"Organization","@id":"https:\/\/etanec.fr\/#organization","name":"etanec.fr","url":"https:\/\/etanec.fr\/","logo":{"@type":"ImageObject","inLanguage":"fr-FR","@id":"https:\/\/etanec.fr\/#\/schema\/logo\/image\/","url":"https:\/\/i0.wp.com\/etanec.fr\/wp-content\/uploads\/2017\/11\/cropped-cropped-cropped-ETANEC-LOGO-2017-RVBTRANSP-HD-e1509965316759.png?fit=350%2C75&ssl=1","contentUrl":"https:\/\/i0.wp.com\/etanec.fr\/wp-content\/uploads\/2017\/11\/cropped-cropped-cropped-ETANEC-LOGO-2017-RVBTRANSP-HD-e1509965316759.png?fit=350%2C75&ssl=1","width":350,"height":75,"caption":"etanec.fr"},"image":{"@id":"https:\/\/etanec.fr\/#\/schema\/logo\/image\/"},"sameAs":["https:\/\/www.linkedin.com\/company\/etanecgroup\/?viewAsMember=true"]}]}},"jetpack_publicize_connections":[],"jetpack_sharing_enabled":true,"_links":{"self":[{"href":"https:\/\/etanec.fr\/index.php\/wp-json\/wp\/v2\/product\/3818","targetHints":{"allow":["GET"]}}],"collection":[{"href":"https:\/\/etanec.fr\/index.php\/wp-json\/wp\/v2\/product"}],"about":[{"href":"https:\/\/etanec.fr\/index.php\/wp-json\/wp\/v2\/types\/product"}],"replies":[{"embeddable":true,"href":"https:\/\/etanec.fr\/index.php\/wp-json\/wp\/v2\/comments?post=3818"}],"version-history":[{"count":3,"href":"https:\/\/etanec.fr\/index.php\/wp-json\/wp\/v2\/product\/3818\/revisions"}],"predecessor-version":[{"id":6975,"href":"https:\/\/etanec.fr\/index.php\/wp-json\/wp\/v2\/product\/3818\/revisions\/6975"}],"wp:featuredmedia":[{"embeddable":true,"href":"https:\/\/etanec.fr\/index.php\/wp-json\/wp\/v2\/media\/3820"}],"wp:attachment":[{"href":"https:\/\/etanec.fr\/index.php\/wp-json\/wp\/v2\/media?parent=3818"}],"wp:term":[{"taxonomy":"product_brand","embeddable":true,"href":"https:\/\/etanec.fr\/index.php\/wp-json\/wp\/v2\/product_brand?post=3818"},{"taxonomy":"product_cat","embeddable":true,"href":"https:\/\/etanec.fr\/index.php\/wp-json\/wp\/v2\/product_cat?post=3818"},{"taxonomy":"product_tag","embeddable":true,"href":"https:\/\/etanec.fr\/index.php\/wp-json\/wp\/v2\/product_tag?post=3818"}],"curies":[{"name":"wp","href":"https:\/\/api.w.org\/{rel}","templated":true}]}}