{"id":4019,"date":"2023-06-26T13:58:20","date_gmt":"2023-06-26T11:58:20","guid":{"rendered":"http:\/\/etanec.fr\/?post_type=product&#038;p=4019"},"modified":"2023-06-26T13:58:21","modified_gmt":"2023-06-26T11:58:21","slug":"acetone-1l","status":"publish","type":"product","link":"https:\/\/etanec.fr\/index.php\/produit\/acetone-1l\/","title":{"rendered":"Ac\u00e9tone 1l"},"content":{"rendered":"<p>AC\u00c9TONE : DISSOLVANT VERNIS, PEINTURES ET COLLES, D\u00c9GRAISSANT Pour dissoudre les colles, vernis, peintures, taches de fruit sur le marbre, mastics cellulosiques sur bois, cuirs, vitres, murs, sols. Pour d\u00e9tacher les traces de colle, peinture, feutre, bille, encre, chewing-gums sur tissus. Pour d\u00e9graisser les pi\u00e8ces d&rsquo;a\u00e9romod\u00e9lisme, d&rsquo;horlogerie&#8230; Pour dissoudre les taches de fruit sur les marbres \u00a0 : talquer, verser de l&rsquo;ac\u00e9tone, laisser s\u00e9cher, retirer. Pour dissoudre les colles, vernis, peinture, mastics cellulosiques, sur les boiseries cir\u00e9es \u00e0 r\u00e9nover, cuir avant recoloration, vitres. Pour retirer les auto-collants, les rev\u00eatements adh\u00e9sifs, sur les vitres, pare-brise, \u00e9tag\u00e8res, murs, sols\u2026 Pour enlever les traces de colle, vernis, feutre, bille, encre, traces de chewing-gums sur les tissus<span class=\"Apple-converted-space\">\u00a0<\/span>: faire un essai pr\u00e9alable, puis tamponner avec un coton imbib\u00e9.<\/p>\n","protected":false},"excerpt":{"rendered":"<p>AC\u00c9TONE : DISSOLVANT VERNIS, PEINTURES ET COLLES, D\u00c9GRAISSANT<br \/>\nPour dissoudre les colles, vernis, peintures, taches de fruit sur le marbre, mastics cellulosiques sur bois, cuirs, vitres, murs, sols<br \/>\nPour d\u00e9tacher les traces de colle, peinture, feutre, bille, encre, chewing-gums sur tissus<br \/>\nPour d\u00e9graisser les pi\u00e8ces d&rsquo;a\u00e9romod\u00e9lisme, d&rsquo;horlogerie<\/p>\n<p>MODE D&rsquo;EMPLOI<br \/>\nPour dissoudre les taches de fruit sur les marbres<span class=\"Apple-converted-space\">\u00a0<\/span>: talquer, verser de l&rsquo;ac\u00e9tone, laisser s\u00e9cher, retirer<\/p>\n<div>Pour dissoudre les colles, vernis, peinture, mastics c\u00e9llulosiques, sur les boiseries cir\u00e9es \u00e0 r\u00e9nover, cuir avant recoloration, vitres<br \/>\nPour retirer les auto-collants, les rev\u00eatements adh\u00e9sifs, sur les vitres, pare-brise, \u00e9tag\u00e8res, murs, sols<br \/>\nPour enlever les traces de colle, vernis, feutre, bille, encre, traces de chewing-gums sur les tissus<span class=\"Apple-converted-space\">\u00a0<\/span>: faire un essai pr\u00e9alable, puis tamponner avec un coton imbib\u00e9<\/div>\n","protected":false},"featured_media":4020,"comment_status":"open","ping_status":"closed","template":"","meta":{"_monsterinsights_skip_tracking":false,"_monsterinsights_sitenote_active":false,"_monsterinsights_sitenote_note":"","_monsterinsights_sitenote_category":0,"jetpack_publicize_message":"","jetpack_publicize_feature_enabled":true,"jetpack_social_post_already_shared":false,"jetpack_social_options":{"image_generator_settings":{"template":"highway","default_image_id":0,"font":"","enabled":false},"version":2}},"product_brand":[],"product_cat":[77],"product_tag":[],"class_list":{"0":"post-4019","1":"product","2":"type-product","3":"status-publish","6":"product_cat-consommable","8":"first","9":"instock","10":"taxable","11":"shipping-taxable","12":"product-type-simple"},"yoast_head":"<!-- This site is optimized with the Yoast SEO plugin v26.6 - https:\/\/yoast.com\/wordpress\/plugins\/seo\/ -->\n<title>Ac\u00e9tone 1l - ETANEC<\/title>\n<meta name=\"robots\" content=\"index, follow, max-snippet:-1, max-image-preview:large, max-video-preview:-1\" \/>\n<link rel=\"canonical\" href=\"https:\/\/etanec.fr\/index.php\/produit\/acetone-1l\/\" \/>\n<meta property=\"og:locale\" content=\"fr_FR\" \/>\n<meta property=\"og:type\" content=\"article\" \/>\n<meta property=\"og:title\" content=\"Ac\u00e9tone 1l - ETANEC\" \/>\n<meta property=\"og:description\" content=\"AC\u00c9TONE : DISSOLVANT VERNIS, PEINTURES ET COLLES, D\u00c9GRAISSANT Pour dissoudre les colles, vernis, peintures, taches de fruit sur le marbre, mastics cellulosiques sur bois, cuirs, vitres, murs, sols Pour d\u00e9tacher les traces de colle, peinture, feutre, bille, encre, chewing-gums sur tissus Pour d\u00e9graisser les pi\u00e8ces d&#039;a\u00e9romod\u00e9lisme, d&#039;horlogerie  MODE D&#039;EMPLOI Pour dissoudre les taches de fruit sur les marbres\u00a0: talquer, verser de l&#039;ac\u00e9tone, laisser s\u00e9cher, retirer Pour dissoudre les colles, vernis, peinture, mastics c\u00e9llulosiques, sur les boiseries cir\u00e9es \u00e0 r\u00e9nover, cuir avant recoloration, vitres Pour retirer les auto-collants, les rev\u00eatements adh\u00e9sifs, sur les vitres, pare-brise, \u00e9tag\u00e8res, murs, sols Pour enlever les traces de colle, vernis, feutre, bille, encre, traces de chewing-gums sur les tissus\u00a0: faire un essai pr\u00e9alable, puis tamponner avec un coton imbib\u00e9\" \/>\n<meta property=\"og:url\" content=\"https:\/\/etanec.fr\/index.php\/produit\/acetone-1l\/\" \/>\n<meta property=\"og:site_name\" content=\"ETANEC\" \/>\n<meta property=\"article:modified_time\" content=\"2023-06-26T11:58:21+00:00\" \/>\n<meta property=\"og:image\" content=\"https:\/\/i0.wp.com\/etanec.fr\/wp-content\/uploads\/2022\/12\/x455100_610x610.jpg?fit=610%2C610&ssl=1\" \/>\n\t<meta property=\"og:image:width\" content=\"610\" \/>\n\t<meta property=\"og:image:height\" content=\"610\" \/>\n\t<meta property=\"og:image:type\" content=\"image\/jpeg\" \/>\n<meta name=\"twitter:card\" content=\"summary_large_image\" \/>\n<meta name=\"twitter:label1\" content=\"Dur\u00e9e de lecture estim\u00e9e\" \/>\n\t<meta name=\"twitter:data1\" content=\"1 minute\" \/>\n<script type=\"application\/ld+json\" class=\"yoast-schema-graph\">{\"@context\":\"https:\/\/schema.org\",\"@graph\":[{\"@type\":\"WebPage\",\"@id\":\"https:\/\/etanec.fr\/index.php\/produit\/acetone-1l\/\",\"url\":\"https:\/\/etanec.fr\/index.php\/produit\/acetone-1l\/\",\"name\":\"Ac\u00e9tone 1l - ETANEC\",\"isPartOf\":{\"@id\":\"http:\/\/etanec.fr\/#website\"},\"primaryImageOfPage\":{\"@id\":\"https:\/\/etanec.fr\/index.php\/produit\/acetone-1l\/#primaryimage\"},\"image\":{\"@id\":\"https:\/\/etanec.fr\/index.php\/produit\/acetone-1l\/#primaryimage\"},\"thumbnailUrl\":\"https:\/\/i0.wp.com\/etanec.fr\/wp-content\/uploads\/2022\/12\/x455100_610x610.jpg?fit=610%2C610&ssl=1\",\"datePublished\":\"2023-06-26T11:58:20+00:00\",\"dateModified\":\"2023-06-26T11:58:21+00:00\",\"breadcrumb\":{\"@id\":\"https:\/\/etanec.fr\/index.php\/produit\/acetone-1l\/#breadcrumb\"},\"inLanguage\":\"fr-FR\",\"potentialAction\":[{\"@type\":\"ReadAction\",\"target\":[\"https:\/\/etanec.fr\/index.php\/produit\/acetone-1l\/\"]}]},{\"@type\":\"ImageObject\",\"inLanguage\":\"fr-FR\",\"@id\":\"https:\/\/etanec.fr\/index.php\/produit\/acetone-1l\/#primaryimage\",\"url\":\"https:\/\/i0.wp.com\/etanec.fr\/wp-content\/uploads\/2022\/12\/x455100_610x610.jpg?fit=610%2C610&ssl=1\",\"contentUrl\":\"https:\/\/i0.wp.com\/etanec.fr\/wp-content\/uploads\/2022\/12\/x455100_610x610.jpg?fit=610%2C610&ssl=1\",\"width\":610,\"height\":610},{\"@type\":\"BreadcrumbList\",\"@id\":\"https:\/\/etanec.fr\/index.php\/produit\/acetone-1l\/#breadcrumb\",\"itemListElement\":[{\"@type\":\"ListItem\",\"position\":1,\"name\":\"Accueil\",\"item\":\"http:\/\/etanec.fr\/\"},{\"@type\":\"ListItem\",\"position\":2,\"name\":\"Gamme de produits\",\"item\":\"https:\/\/etanec.fr\/index.php\/boutique\/\"},{\"@type\":\"ListItem\",\"position\":3,\"name\":\"Ac\u00e9tone 1l\"}]},{\"@type\":\"WebSite\",\"@id\":\"http:\/\/etanec.fr\/#website\",\"url\":\"http:\/\/etanec.fr\/\",\"name\":\"etanec.fr\",\"description\":\"Votre Solution en Outillage &amp; Fixation Enveloppe du batiment\",\"publisher\":{\"@id\":\"http:\/\/etanec.fr\/#organization\"},\"potentialAction\":[{\"@type\":\"SearchAction\",\"target\":{\"@type\":\"EntryPoint\",\"urlTemplate\":\"http:\/\/etanec.fr\/?s={search_term_string}\"},\"query-input\":{\"@type\":\"PropertyValueSpecification\",\"valueRequired\":true,\"valueName\":\"search_term_string\"}}],\"inLanguage\":\"fr-FR\"},{\"@type\":\"Organization\",\"@id\":\"http:\/\/etanec.fr\/#organization\",\"name\":\"etanec.fr\",\"url\":\"http:\/\/etanec.fr\/\",\"logo\":{\"@type\":\"ImageObject\",\"inLanguage\":\"fr-FR\",\"@id\":\"http:\/\/etanec.fr\/#\/schema\/logo\/image\/\",\"url\":\"https:\/\/i0.wp.com\/etanec.fr\/wp-content\/uploads\/2017\/11\/cropped-cropped-cropped-ETANEC-LOGO-2017-RVBTRANSP-HD-e1509965316759.png?fit=350%2C75&ssl=1\",\"contentUrl\":\"https:\/\/i0.wp.com\/etanec.fr\/wp-content\/uploads\/2017\/11\/cropped-cropped-cropped-ETANEC-LOGO-2017-RVBTRANSP-HD-e1509965316759.png?fit=350%2C75&ssl=1\",\"width\":350,\"height\":75,\"caption\":\"etanec.fr\"},\"image\":{\"@id\":\"http:\/\/etanec.fr\/#\/schema\/logo\/image\/\"},\"sameAs\":[\"https:\/\/www.linkedin.com\/company\/etanecgroup\/?viewAsMember=true\"]}]}<\/script>\n<!-- \/ Yoast SEO plugin. -->","yoast_head_json":{"title":"Ac\u00e9tone 1l - ETANEC","robots":{"index":"index","follow":"follow","max-snippet":"max-snippet:-1","max-image-preview":"max-image-preview:large","max-video-preview":"max-video-preview:-1"},"canonical":"https:\/\/etanec.fr\/index.php\/produit\/acetone-1l\/","og_locale":"fr_FR","og_type":"article","og_title":"Ac\u00e9tone 1l - ETANEC","og_description":"AC\u00c9TONE : DISSOLVANT VERNIS, PEINTURES ET COLLES, D\u00c9GRAISSANT Pour dissoudre les colles, vernis, peintures, taches de fruit sur le marbre, mastics cellulosiques sur bois, cuirs, vitres, murs, sols Pour d\u00e9tacher les traces de colle, peinture, feutre, bille, encre, chewing-gums sur tissus Pour d\u00e9graisser les pi\u00e8ces d'a\u00e9romod\u00e9lisme, d'horlogerie  MODE D'EMPLOI Pour dissoudre les taches de fruit sur les marbres\u00a0: talquer, verser de l'ac\u00e9tone, laisser s\u00e9cher, retirer Pour dissoudre les colles, vernis, peinture, mastics c\u00e9llulosiques, sur les boiseries cir\u00e9es \u00e0 r\u00e9nover, cuir avant recoloration, vitres Pour retirer les auto-collants, les rev\u00eatements adh\u00e9sifs, sur les vitres, pare-brise, \u00e9tag\u00e8res, murs, sols Pour enlever les traces de colle, vernis, feutre, bille, encre, traces de chewing-gums sur les tissus\u00a0: faire un essai pr\u00e9alable, puis tamponner avec un coton imbib\u00e9","og_url":"https:\/\/etanec.fr\/index.php\/produit\/acetone-1l\/","og_site_name":"ETANEC","article_modified_time":"2023-06-26T11:58:21+00:00","og_image":[{"width":610,"height":610,"url":"https:\/\/i0.wp.com\/etanec.fr\/wp-content\/uploads\/2022\/12\/x455100_610x610.jpg?fit=610%2C610&ssl=1","type":"image\/jpeg"}],"twitter_card":"summary_large_image","twitter_misc":{"Dur\u00e9e de lecture estim\u00e9e":"1 minute"},"schema":{"@context":"https:\/\/schema.org","@graph":[{"@type":"WebPage","@id":"https:\/\/etanec.fr\/index.php\/produit\/acetone-1l\/","url":"https:\/\/etanec.fr\/index.php\/produit\/acetone-1l\/","name":"Ac\u00e9tone 1l - ETANEC","isPartOf":{"@id":"http:\/\/etanec.fr\/#website"},"primaryImageOfPage":{"@id":"https:\/\/etanec.fr\/index.php\/produit\/acetone-1l\/#primaryimage"},"image":{"@id":"https:\/\/etanec.fr\/index.php\/produit\/acetone-1l\/#primaryimage"},"thumbnailUrl":"https:\/\/i0.wp.com\/etanec.fr\/wp-content\/uploads\/2022\/12\/x455100_610x610.jpg?fit=610%2C610&ssl=1","datePublished":"2023-06-26T11:58:20+00:00","dateModified":"2023-06-26T11:58:21+00:00","breadcrumb":{"@id":"https:\/\/etanec.fr\/index.php\/produit\/acetone-1l\/#breadcrumb"},"inLanguage":"fr-FR","potentialAction":[{"@type":"ReadAction","target":["https:\/\/etanec.fr\/index.php\/produit\/acetone-1l\/"]}]},{"@type":"ImageObject","inLanguage":"fr-FR","@id":"https:\/\/etanec.fr\/index.php\/produit\/acetone-1l\/#primaryimage","url":"https:\/\/i0.wp.com\/etanec.fr\/wp-content\/uploads\/2022\/12\/x455100_610x610.jpg?fit=610%2C610&ssl=1","contentUrl":"https:\/\/i0.wp.com\/etanec.fr\/wp-content\/uploads\/2022\/12\/x455100_610x610.jpg?fit=610%2C610&ssl=1","width":610,"height":610},{"@type":"BreadcrumbList","@id":"https:\/\/etanec.fr\/index.php\/produit\/acetone-1l\/#breadcrumb","itemListElement":[{"@type":"ListItem","position":1,"name":"Accueil","item":"http:\/\/etanec.fr\/"},{"@type":"ListItem","position":2,"name":"Gamme de produits","item":"https:\/\/etanec.fr\/index.php\/boutique\/"},{"@type":"ListItem","position":3,"name":"Ac\u00e9tone 1l"}]},{"@type":"WebSite","@id":"http:\/\/etanec.fr\/#website","url":"http:\/\/etanec.fr\/","name":"etanec.fr","description":"Votre Solution en Outillage &amp; Fixation Enveloppe du batiment","publisher":{"@id":"http:\/\/etanec.fr\/#organization"},"potentialAction":[{"@type":"SearchAction","target":{"@type":"EntryPoint","urlTemplate":"http:\/\/etanec.fr\/?s={search_term_string}"},"query-input":{"@type":"PropertyValueSpecification","valueRequired":true,"valueName":"search_term_string"}}],"inLanguage":"fr-FR"},{"@type":"Organization","@id":"http:\/\/etanec.fr\/#organization","name":"etanec.fr","url":"http:\/\/etanec.fr\/","logo":{"@type":"ImageObject","inLanguage":"fr-FR","@id":"http:\/\/etanec.fr\/#\/schema\/logo\/image\/","url":"https:\/\/i0.wp.com\/etanec.fr\/wp-content\/uploads\/2017\/11\/cropped-cropped-cropped-ETANEC-LOGO-2017-RVBTRANSP-HD-e1509965316759.png?fit=350%2C75&ssl=1","contentUrl":"https:\/\/i0.wp.com\/etanec.fr\/wp-content\/uploads\/2017\/11\/cropped-cropped-cropped-ETANEC-LOGO-2017-RVBTRANSP-HD-e1509965316759.png?fit=350%2C75&ssl=1","width":350,"height":75,"caption":"etanec.fr"},"image":{"@id":"http:\/\/etanec.fr\/#\/schema\/logo\/image\/"},"sameAs":["https:\/\/www.linkedin.com\/company\/etanecgroup\/?viewAsMember=true"]}]}},"jetpack_publicize_connections":[],"jetpack_sharing_enabled":true,"_links":{"self":[{"href":"https:\/\/etanec.fr\/index.php\/wp-json\/wp\/v2\/product\/4019","targetHints":{"allow":["GET"]}}],"collection":[{"href":"https:\/\/etanec.fr\/index.php\/wp-json\/wp\/v2\/product"}],"about":[{"href":"https:\/\/etanec.fr\/index.php\/wp-json\/wp\/v2\/types\/product"}],"replies":[{"embeddable":true,"href":"https:\/\/etanec.fr\/index.php\/wp-json\/wp\/v2\/comments?post=4019"}],"version-history":[{"count":2,"href":"https:\/\/etanec.fr\/index.php\/wp-json\/wp\/v2\/product\/4019\/revisions"}],"predecessor-version":[{"id":6786,"href":"https:\/\/etanec.fr\/index.php\/wp-json\/wp\/v2\/product\/4019\/revisions\/6786"}],"wp:featuredmedia":[{"embeddable":true,"href":"https:\/\/etanec.fr\/index.php\/wp-json\/wp\/v2\/media\/4020"}],"wp:attachment":[{"href":"https:\/\/etanec.fr\/index.php\/wp-json\/wp\/v2\/media?parent=4019"}],"wp:term":[{"taxonomy":"product_brand","embeddable":true,"href":"https:\/\/etanec.fr\/index.php\/wp-json\/wp\/v2\/product_brand?post=4019"},{"taxonomy":"product_cat","embeddable":true,"href":"https:\/\/etanec.fr\/index.php\/wp-json\/wp\/v2\/product_cat?post=4019"},{"taxonomy":"product_tag","embeddable":true,"href":"https:\/\/etanec.fr\/index.php\/wp-json\/wp\/v2\/product_tag?post=4019"}],"curies":[{"name":"wp","href":"https:\/\/api.w.org\/{rel}","templated":true}]}}